{"id":152,"date":"2015-07-08T16:16:01","date_gmt":"2015-07-08T16:16:01","guid":{"rendered":"https:\/\/www.joaocajuda.com\/pt\/?page_id=152"},"modified":"2022-12-21T10:50:52","modified_gmt":"2022-12-21T10:50:52","slug":"viaja-comigo","status":"publish","type":"page","link":"https:\/\/joaocajuda.com\/pt\/viaja-comigo\/","title":{"rendered":"Viaja Comigo"},"content":{"rendered":"<p><a href=\"http:\/\/www.leva-me.com\"><img data-recalc-dims=\"1\" loading=\"lazy\" decoding=\"async\" data-attachment-id=\"2121\" data-permalink=\"https:\/\/joaocajuda.com\/pt\/viaja-comigo\/collage_fotor\/\" data-orig-file=\"https:\/\/i0.wp.com\/joaocajuda.com\/pt\/assets\/uploads\/2015\/07\/Collage_Fotor.jpg?fit=1200%2C637&amp;ssl=1\" data-orig-size=\"1200,637\" data-comments-opened=\"1\" data-image-meta=\"{&quot;aperture&quot;:&quot;0&quot;,&quot;credit&quot;:&quot;&quot;,&quot;camera&quot;:&quot;&quot;,&quot;caption&quot;:&quot;&quot;,&quot;created_timestamp&quot;:&quot;0&quot;,&quot;copyright&quot;:&quot;&quot;,&quot;focal_length&quot;:&quot;0&quot;,&quot;iso&quot;:&quot;0&quot;,&quot;shutter_speed&quot;:&quot;0&quot;,&quot;title&quot;:&quot;&quot;,&quot;orientation&quot;:&quot;1&quot;}\" data-image-title=\"Collage_Fotor\" data-image-description=\"\" data-image-caption=\"\" data-medium-file=\"https:\/\/i0.wp.com\/joaocajuda.com\/pt\/assets\/uploads\/2015\/07\/Collage_Fotor.jpg?fit=850%2C451&amp;ssl=1\" data-large-file=\"https:\/\/i0.wp.com\/joaocajuda.com\/pt\/assets\/uploads\/2015\/07\/Collage_Fotor.jpg?fit=960%2C510&amp;ssl=1\" class=\"alignnone size-medium wp-image-2121\" src=\"https:\/\/i0.wp.com\/joaocajuda.com\/pt\/assets\/uploads\/2015\/07\/Collage_Fotor.jpg?resize=850%2C451&#038;ssl=1\" alt=\"Collage_Fotor\" width=\"850\" height=\"451\" srcset=\"https:\/\/i0.wp.com\/joaocajuda.com\/pt\/assets\/uploads\/2015\/07\/Collage_Fotor.jpg?resize=850%2C451&amp;ssl=1 850w, https:\/\/i0.wp.com\/joaocajuda.com\/pt\/assets\/uploads\/2015\/07\/Collage_Fotor.jpg?resize=768%2C408&amp;ssl=1 768w, https:\/\/i0.wp.com\/joaocajuda.com\/pt\/assets\/uploads\/2015\/07\/Collage_Fotor.jpg?resize=1024%2C544&amp;ssl=1 1024w, https:\/\/i0.wp.com\/joaocajuda.com\/pt\/assets\/uploads\/2015\/07\/Collage_Fotor.jpg?w=1200&amp;ssl=1 1200w\" sizes=\"auto, (max-width: 850px) 100vw, 850px\" \/><\/a><\/p>\n<p>Podes juntar-te \u00e0s nossas viagens organizadas e explorar de forma diferente, divertida, em grupo e com apanhamento de um l\u00edder de viagem, alguns dos destinos mais incr\u00edveis do Mundo. Fica a saber todas as informa\u00e7\u00f5es, datas e pre\u00e7os\u00a0em <a href=\"http:\/\/www.leva-me.com\">www.leva-me.com\u00a0<\/a><\/p>\n<p>Espero que te juntes a uma das aventuras da LEVA-ME!<\/p>\n","protected":false},"excerpt":{"rendered":"<p>Podes juntar-te \u00e0s nossas viagens organizadas e explorar de forma diferente, divertida, em grupo e com apanhamento de um l\u00edder de viagem, alguns dos destinos mais incr\u00edveis do Mundo. Fica a saber todas as informa\u00e7\u00f5es, datas e pre\u00e7os\u00a0em www.leva-me.com\u00a0 Espero que te juntes a uma das aventuras da LEVA-ME!<\/p>\n","protected":false},"author":3,"featured_media":0,"parent":0,"menu_order":0,"comment_status":"open","ping_status":"open","template":"","meta":{"footnotes":""},"class_list":["post-152","page","type-page","status-publish","hentry"],"yoast_head":"<!-- This site is optimized with the Yoast SEO plugin v27.3 - https:\/\/yoast.com\/product\/yoast-seo-wordpress\/ -->\n<title>Viaja Comigo - JOAOCAJUDA.COM<\/title>\n<meta name=\"robots\" content=\"index, follow, max-snippet:-1, max-image-preview:large, max-video-preview:-1\" \/>\n<link rel=\"canonical\" href=\"https:\/\/joaocajuda.com\/pt\/viaja-comigo\/\" \/>\n<meta property=\"og:locale\" content=\"pt_PT\" \/>\n<meta property=\"og:type\" content=\"article\" \/>\n<meta property=\"og:title\" content=\"Viaja Comigo - JOAOCAJUDA.COM\" \/>\n<meta property=\"og:description\" content=\"Podes juntar-te \u00e0s nossas viagens organizadas e explorar de forma diferente, divertida, em grupo e com apanhamento de um l\u00edder de viagem, alguns dos destinos mais incr\u00edveis do Mundo. Fica a saber todas as informa\u00e7\u00f5es, datas e pre\u00e7os\u00a0em www.leva-me.com\u00a0 Espero que te juntes a uma das aventuras da LEVA-ME!\" \/>\n<meta property=\"og:url\" content=\"https:\/\/joaocajuda.com\/pt\/viaja-comigo\/\" \/>\n<meta property=\"og:site_name\" content=\"JOAOCAJUDA.COM\" \/>\n<meta property=\"article:publisher\" content=\"http:\/\/www.facebook.com\/cajuda.pt\" \/>\n<meta property=\"article:modified_time\" content=\"2022-12-21T10:50:52+00:00\" \/>\n<meta property=\"og:image\" content=\"https:\/\/joaocajuda.com\/pt\/assets\/uploads\/2015\/07\/Collage_Fotor-850x451.jpg\" \/>\n<meta name=\"twitter:card\" content=\"summary_large_image\" \/>\n<meta name=\"twitter:site\" content=\"@joaocajuda\" \/>\n<meta name=\"twitter:label1\" content=\"Tempo estimado de leitura\" \/>\n\t<meta name=\"twitter:data1\" content=\"1 minuto\" \/>\n<script type=\"application\/ld+json\" class=\"yoast-schema-graph\">{\"@context\":\"https:\\\/\\\/schema.org\",\"@graph\":[{\"@type\":\"WebPage\",\"@id\":\"https:\\\/\\\/joaocajuda.com\\\/pt\\\/viaja-comigo\\\/\",\"url\":\"https:\\\/\\\/joaocajuda.com\\\/pt\\\/viaja-comigo\\\/\",\"name\":\"Viaja Comigo - JOAOCAJUDA.COM\",\"isPartOf\":{\"@id\":\"https:\\\/\\\/joaocajuda.com\\\/pt\\\/#website\"},\"primaryImageOfPage\":{\"@id\":\"https:\\\/\\\/joaocajuda.com\\\/pt\\\/viaja-comigo\\\/#primaryimage\"},\"image\":{\"@id\":\"https:\\\/\\\/joaocajuda.com\\\/pt\\\/viaja-comigo\\\/#primaryimage\"},\"thumbnailUrl\":\"https:\\\/\\\/joaocajuda.com\\\/pt\\\/assets\\\/uploads\\\/2015\\\/07\\\/Collage_Fotor-850x451.jpg\",\"datePublished\":\"2015-07-08T16:16:01+00:00\",\"dateModified\":\"2022-12-21T10:50:52+00:00\",\"breadcrumb\":{\"@id\":\"https:\\\/\\\/joaocajuda.com\\\/pt\\\/viaja-comigo\\\/#breadcrumb\"},\"inLanguage\":\"pt-PT\",\"potentialAction\":[{\"@type\":\"ReadAction\",\"target\":[\"https:\\\/\\\/joaocajuda.com\\\/pt\\\/viaja-comigo\\\/\"]}]},{\"@type\":\"ImageObject\",\"inLanguage\":\"pt-PT\",\"@id\":\"https:\\\/\\\/joaocajuda.com\\\/pt\\\/viaja-comigo\\\/#primaryimage\",\"url\":\"https:\\\/\\\/i0.wp.com\\\/joaocajuda.com\\\/pt\\\/assets\\\/uploads\\\/2015\\\/07\\\/Collage_Fotor.jpg?fit=1200%2C637&ssl=1\",\"contentUrl\":\"https:\\\/\\\/i0.wp.com\\\/joaocajuda.com\\\/pt\\\/assets\\\/uploads\\\/2015\\\/07\\\/Collage_Fotor.jpg?fit=1200%2C637&ssl=1\",\"width\":1200,\"height\":637},{\"@type\":\"BreadcrumbList\",\"@id\":\"https:\\\/\\\/joaocajuda.com\\\/pt\\\/viaja-comigo\\\/#breadcrumb\",\"itemListElement\":[{\"@type\":\"ListItem\",\"position\":1,\"name\":\"In\u00edcio\",\"item\":\"https:\\\/\\\/joaocajuda.com\\\/pt\\\/\"},{\"@type\":\"ListItem\",\"position\":2,\"name\":\"Viaja Comigo\"}]},{\"@type\":\"WebSite\",\"@id\":\"https:\\\/\\\/joaocajuda.com\\\/pt\\\/#website\",\"url\":\"https:\\\/\\\/joaocajuda.com\\\/pt\\\/\",\"name\":\"JOAOCAJUDA.COM\",\"description\":\"\",\"potentialAction\":[{\"@type\":\"SearchAction\",\"target\":{\"@type\":\"EntryPoint\",\"urlTemplate\":\"https:\\\/\\\/joaocajuda.com\\\/pt\\\/?s={search_term_string}\"},\"query-input\":{\"@type\":\"PropertyValueSpecification\",\"valueRequired\":true,\"valueName\":\"search_term_string\"}}],\"inLanguage\":\"pt-PT\"}]}<\/script>\n<!-- \/ Yoast SEO plugin. -->","yoast_head_json":{"title":"Viaja Comigo - JOAOCAJUDA.COM","robots":{"index":"index","follow":"follow","max-snippet":"max-snippet:-1","max-image-preview":"max-image-preview:large","max-video-preview":"max-video-preview:-1"},"canonical":"https:\/\/joaocajuda.com\/pt\/viaja-comigo\/","og_locale":"pt_PT","og_type":"article","og_title":"Viaja Comigo - JOAOCAJUDA.COM","og_description":"Podes juntar-te \u00e0s nossas viagens organizadas e explorar de forma diferente, divertida, em grupo e com apanhamento de um l\u00edder de viagem, alguns dos destinos mais incr\u00edveis do Mundo. Fica a saber todas as informa\u00e7\u00f5es, datas e pre\u00e7os\u00a0em www.leva-me.com\u00a0 Espero que te juntes a uma das aventuras da LEVA-ME!","og_url":"https:\/\/joaocajuda.com\/pt\/viaja-comigo\/","og_site_name":"JOAOCAJUDA.COM","article_publisher":"http:\/\/www.facebook.com\/cajuda.pt","article_modified_time":"2022-12-21T10:50:52+00:00","og_image":[{"url":"https:\/\/joaocajuda.com\/pt\/assets\/uploads\/2015\/07\/Collage_Fotor-850x451.jpg","type":"","width":"","height":""}],"twitter_card":"summary_large_image","twitter_site":"@joaocajuda","twitter_misc":{"Tempo estimado de leitura":"1 minuto"},"schema":{"@context":"https:\/\/schema.org","@graph":[{"@type":"WebPage","@id":"https:\/\/joaocajuda.com\/pt\/viaja-comigo\/","url":"https:\/\/joaocajuda.com\/pt\/viaja-comigo\/","name":"Viaja Comigo - JOAOCAJUDA.COM","isPartOf":{"@id":"https:\/\/joaocajuda.com\/pt\/#website"},"primaryImageOfPage":{"@id":"https:\/\/joaocajuda.com\/pt\/viaja-comigo\/#primaryimage"},"image":{"@id":"https:\/\/joaocajuda.com\/pt\/viaja-comigo\/#primaryimage"},"thumbnailUrl":"https:\/\/joaocajuda.com\/pt\/assets\/uploads\/2015\/07\/Collage_Fotor-850x451.jpg","datePublished":"2015-07-08T16:16:01+00:00","dateModified":"2022-12-21T10:50:52+00:00","breadcrumb":{"@id":"https:\/\/joaocajuda.com\/pt\/viaja-comigo\/#breadcrumb"},"inLanguage":"pt-PT","potentialAction":[{"@type":"ReadAction","target":["https:\/\/joaocajuda.com\/pt\/viaja-comigo\/"]}]},{"@type":"ImageObject","inLanguage":"pt-PT","@id":"https:\/\/joaocajuda.com\/pt\/viaja-comigo\/#primaryimage","url":"https:\/\/i0.wp.com\/joaocajuda.com\/pt\/assets\/uploads\/2015\/07\/Collage_Fotor.jpg?fit=1200%2C637&ssl=1","contentUrl":"https:\/\/i0.wp.com\/joaocajuda.com\/pt\/assets\/uploads\/2015\/07\/Collage_Fotor.jpg?fit=1200%2C637&ssl=1","width":1200,"height":637},{"@type":"BreadcrumbList","@id":"https:\/\/joaocajuda.com\/pt\/viaja-comigo\/#breadcrumb","itemListElement":[{"@type":"ListItem","position":1,"name":"In\u00edcio","item":"https:\/\/joaocajuda.com\/pt\/"},{"@type":"ListItem","position":2,"name":"Viaja Comigo"}]},{"@type":"WebSite","@id":"https:\/\/joaocajuda.com\/pt\/#website","url":"https:\/\/joaocajuda.com\/pt\/","name":"JOAOCAJUDA.COM","description":"","potentialAction":[{"@type":"SearchAction","target":{"@type":"EntryPoint","urlTemplate":"https:\/\/joaocajuda.com\/pt\/?s={search_term_string}"},"query-input":{"@type":"PropertyValueSpecification","valueRequired":true,"valueName":"search_term_string"}}],"inLanguage":"pt-PT"}]}},"jetpack_sharing_enabled":true,"_links":{"self":[{"href":"https:\/\/joaocajuda.com\/pt\/wp-json\/wp\/v2\/pages\/152","targetHints":{"allow":["GET"]}}],"collection":[{"href":"https:\/\/joaocajuda.com\/pt\/wp-json\/wp\/v2\/pages"}],"about":[{"href":"https:\/\/joaocajuda.com\/pt\/wp-json\/wp\/v2\/types\/page"}],"author":[{"embeddable":true,"href":"https:\/\/joaocajuda.com\/pt\/wp-json\/wp\/v2\/users\/3"}],"replies":[{"embeddable":true,"href":"https:\/\/joaocajuda.com\/pt\/wp-json\/wp\/v2\/comments?post=152"}],"version-history":[{"count":21,"href":"https:\/\/joaocajuda.com\/pt\/wp-json\/wp\/v2\/pages\/152\/revisions"}],"predecessor-version":[{"id":9479,"href":"https:\/\/joaocajuda.com\/pt\/wp-json\/wp\/v2\/pages\/152\/revisions\/9479"}],"wp:attachment":[{"href":"https:\/\/joaocajuda.com\/pt\/wp-json\/wp\/v2\/media?parent=152"}],"curies":[{"name":"wp","href":"https:\/\/api.w.org\/{rel}","templated":true}]}}