{"id":2249,"date":"2016-09-01T18:10:12","date_gmt":"2016-09-01T18:10:12","guid":{"rendered":"https:\/\/www.joaocajuda.com\/pt\/?page_id=2249"},"modified":"2016-09-01T18:31:43","modified_gmt":"2016-09-01T18:31:43","slug":"direitos-de-autor","status":"publish","type":"page","link":"https:\/\/joaocajuda.com\/pt\/direitos-de-autor\/","title":{"rendered":"Direitos de autor"},"content":{"rendered":"<p><strong>Os conte\u00fados partilhados neste blog est\u00e3o protegido por direitos de autor e pertencem \u00e0 marca registada no INPI: JOAOCAJUDA.COM\u00a0\u00ae<\/strong><\/p>\n<p><span style=\"text-decoration: underline;\">Os conte\u00fados (texto, v\u00eddeo e imagem com logotipo) n\u00e3o podem ser usados em sites, redes sociais, etc.<\/span>.. \u00a0excepto se:<\/p>\n<ul>\n<li>\n<h6>Nenhum conte\u00fado pode ser reproduzido ou usada sem o consentimento da marca JOAOCAJUDA:COM<\/h6>\n<\/li>\n<li>\n<h6>Nenhum conte\u00fado ou informa\u00e7\u00e3o pode ser usado para fins comerciais ou associado implicitamente\/explicitamente a marcas e produtos.<\/h6>\n<\/li>\n<li>\n<h6>Nenhum v\u00eddeo\/m\u00fasica\/foto\/texto pode ser feito o download e upload para outros canais de transmiss\u00e3o ou redes sociais.<\/h6>\n<\/li>\n<li>\n<h6>Sempre que mencionada a marca JOAOCAJUDA.COM em sites e impressa deve ser feito um link\/hiperliga\u00e7\u00e3o para o site.<\/h6>\n<\/li>\n<\/ul>\n<p><span style=\"color: #ffffff;\">.<\/span><\/p>\n<p>Fotos que n\u00e3o tenham o logo da marca JOAOCAJUDA.COM est\u00e3o sobre a licen\u00e7a Creative Commons ou n\u00e3o necessitam de atribui\u00e7\u00e3o.<\/p>\n<p>Outras fotos que n\u00e3o tenham logo podem ter direitos de autor e apenas terem sido concedidas pelos hot\u00e9is, etc para promo\u00e7\u00e3o.<\/p>\n","protected":false},"excerpt":{"rendered":"<p>Os conte\u00fados partilhados neste blog est\u00e3o protegido por direitos de autor e pertencem \u00e0 marca registada no INPI: JOAOCAJUDA.COM\u00a0\u00ae Os conte\u00fados (texto, v\u00eddeo e imagem com logotipo) n\u00e3o podem ser usados em sites, redes sociais, etc&#8230; \u00a0excepto se: Nenhum conte\u00fado pode ser reproduzido ou usada sem o consentimento da marca JOAOCAJUDA:COM Nenhum conte\u00fado ou informa\u00e7\u00e3o [&hellip;]<\/p>\n","protected":false},"author":3,"featured_media":0,"parent":0,"menu_order":0,"comment_status":"closed","ping_status":"closed","template":"","meta":{"footnotes":""},"class_list":["post-2249","page","type-page","status-publish","hentry"],"yoast_head":"<!-- This site is optimized with the Yoast SEO plugin v27.3 - https:\/\/yoast.com\/product\/yoast-seo-wordpress\/ -->\n<title>Direitos de autor - JOAOCAJUDA.COM<\/title>\n<meta name=\"robots\" content=\"index, follow, max-snippet:-1, max-image-preview:large, max-video-preview:-1\" \/>\n<link rel=\"canonical\" href=\"https:\/\/joaocajuda.com\/pt\/direitos-de-autor\/\" \/>\n<meta property=\"og:locale\" content=\"pt_PT\" \/>\n<meta property=\"og:type\" content=\"article\" \/>\n<meta property=\"og:title\" content=\"Direitos de autor - JOAOCAJUDA.COM\" \/>\n<meta property=\"og:description\" content=\"Os conte\u00fados partilhados neste blog est\u00e3o protegido por direitos de autor e pertencem \u00e0 marca registada no INPI: JOAOCAJUDA.COM\u00a0\u00ae Os conte\u00fados (texto, v\u00eddeo e imagem com logotipo) n\u00e3o podem ser usados em sites, redes sociais, etc... \u00a0excepto se: Nenhum conte\u00fado pode ser reproduzido ou usada sem o consentimento da marca JOAOCAJUDA:COM Nenhum conte\u00fado ou informa\u00e7\u00e3o [&hellip;]\" \/>\n<meta property=\"og:url\" content=\"https:\/\/joaocajuda.com\/pt\/direitos-de-autor\/\" \/>\n<meta property=\"og:site_name\" content=\"JOAOCAJUDA.COM\" \/>\n<meta property=\"article:publisher\" content=\"http:\/\/www.facebook.com\/cajuda.pt\" \/>\n<meta property=\"article:modified_time\" content=\"2016-09-01T18:31:43+00:00\" \/>\n<meta name=\"twitter:card\" content=\"summary_large_image\" \/>\n<meta name=\"twitter:site\" content=\"@joaocajuda\" \/>\n<meta name=\"twitter:label1\" content=\"Tempo estimado de leitura\" \/>\n\t<meta name=\"twitter:data1\" content=\"1 minuto\" \/>\n<script type=\"application\/ld+json\" class=\"yoast-schema-graph\">{\"@context\":\"https:\\\/\\\/schema.org\",\"@graph\":[{\"@type\":\"WebPage\",\"@id\":\"https:\\\/\\\/joaocajuda.com\\\/pt\\\/direitos-de-autor\\\/\",\"url\":\"https:\\\/\\\/joaocajuda.com\\\/pt\\\/direitos-de-autor\\\/\",\"name\":\"Direitos de autor - JOAOCAJUDA.COM\",\"isPartOf\":{\"@id\":\"https:\\\/\\\/joaocajuda.com\\\/pt\\\/#website\"},\"datePublished\":\"2016-09-01T18:10:12+00:00\",\"dateModified\":\"2016-09-01T18:31:43+00:00\",\"breadcrumb\":{\"@id\":\"https:\\\/\\\/joaocajuda.com\\\/pt\\\/direitos-de-autor\\\/#breadcrumb\"},\"inLanguage\":\"pt-PT\",\"potentialAction\":[{\"@type\":\"ReadAction\",\"target\":[\"https:\\\/\\\/joaocajuda.com\\\/pt\\\/direitos-de-autor\\\/\"]}]},{\"@type\":\"BreadcrumbList\",\"@id\":\"https:\\\/\\\/joaocajuda.com\\\/pt\\\/direitos-de-autor\\\/#breadcrumb\",\"itemListElement\":[{\"@type\":\"ListItem\",\"position\":1,\"name\":\"In\u00edcio\",\"item\":\"https:\\\/\\\/joaocajuda.com\\\/pt\\\/\"},{\"@type\":\"ListItem\",\"position\":2,\"name\":\"Direitos de autor\"}]},{\"@type\":\"WebSite\",\"@id\":\"https:\\\/\\\/joaocajuda.com\\\/pt\\\/#website\",\"url\":\"https:\\\/\\\/joaocajuda.com\\\/pt\\\/\",\"name\":\"JOAOCAJUDA.COM\",\"description\":\"\",\"potentialAction\":[{\"@type\":\"SearchAction\",\"target\":{\"@type\":\"EntryPoint\",\"urlTemplate\":\"https:\\\/\\\/joaocajuda.com\\\/pt\\\/?s={search_term_string}\"},\"query-input\":{\"@type\":\"PropertyValueSpecification\",\"valueRequired\":true,\"valueName\":\"search_term_string\"}}],\"inLanguage\":\"pt-PT\"}]}<\/script>\n<!-- \/ Yoast SEO plugin. -->","yoast_head_json":{"title":"Direitos de autor - JOAOCAJUDA.COM","robots":{"index":"index","follow":"follow","max-snippet":"max-snippet:-1","max-image-preview":"max-image-preview:large","max-video-preview":"max-video-preview:-1"},"canonical":"https:\/\/joaocajuda.com\/pt\/direitos-de-autor\/","og_locale":"pt_PT","og_type":"article","og_title":"Direitos de autor - JOAOCAJUDA.COM","og_description":"Os conte\u00fados partilhados neste blog est\u00e3o protegido por direitos de autor e pertencem \u00e0 marca registada no INPI: JOAOCAJUDA.COM\u00a0\u00ae Os conte\u00fados (texto, v\u00eddeo e imagem com logotipo) n\u00e3o podem ser usados em sites, redes sociais, etc... \u00a0excepto se: Nenhum conte\u00fado pode ser reproduzido ou usada sem o consentimento da marca JOAOCAJUDA:COM Nenhum conte\u00fado ou informa\u00e7\u00e3o [&hellip;]","og_url":"https:\/\/joaocajuda.com\/pt\/direitos-de-autor\/","og_site_name":"JOAOCAJUDA.COM","article_publisher":"http:\/\/www.facebook.com\/cajuda.pt","article_modified_time":"2016-09-01T18:31:43+00:00","twitter_card":"summary_large_image","twitter_site":"@joaocajuda","twitter_misc":{"Tempo estimado de leitura":"1 minuto"},"schema":{"@context":"https:\/\/schema.org","@graph":[{"@type":"WebPage","@id":"https:\/\/joaocajuda.com\/pt\/direitos-de-autor\/","url":"https:\/\/joaocajuda.com\/pt\/direitos-de-autor\/","name":"Direitos de autor - JOAOCAJUDA.COM","isPartOf":{"@id":"https:\/\/joaocajuda.com\/pt\/#website"},"datePublished":"2016-09-01T18:10:12+00:00","dateModified":"2016-09-01T18:31:43+00:00","breadcrumb":{"@id":"https:\/\/joaocajuda.com\/pt\/direitos-de-autor\/#breadcrumb"},"inLanguage":"pt-PT","potentialAction":[{"@type":"ReadAction","target":["https:\/\/joaocajuda.com\/pt\/direitos-de-autor\/"]}]},{"@type":"BreadcrumbList","@id":"https:\/\/joaocajuda.com\/pt\/direitos-de-autor\/#breadcrumb","itemListElement":[{"@type":"ListItem","position":1,"name":"In\u00edcio","item":"https:\/\/joaocajuda.com\/pt\/"},{"@type":"ListItem","position":2,"name":"Direitos de autor"}]},{"@type":"WebSite","@id":"https:\/\/joaocajuda.com\/pt\/#website","url":"https:\/\/joaocajuda.com\/pt\/","name":"JOAOCAJUDA.COM","description":"","potentialAction":[{"@type":"SearchAction","target":{"@type":"EntryPoint","urlTemplate":"https:\/\/joaocajuda.com\/pt\/?s={search_term_string}"},"query-input":{"@type":"PropertyValueSpecification","valueRequired":true,"valueName":"search_term_string"}}],"inLanguage":"pt-PT"}]}},"jetpack_sharing_enabled":true,"_links":{"self":[{"href":"https:\/\/joaocajuda.com\/pt\/wp-json\/wp\/v2\/pages\/2249","targetHints":{"allow":["GET"]}}],"collection":[{"href":"https:\/\/joaocajuda.com\/pt\/wp-json\/wp\/v2\/pages"}],"about":[{"href":"https:\/\/joaocajuda.com\/pt\/wp-json\/wp\/v2\/types\/page"}],"author":[{"embeddable":true,"href":"https:\/\/joaocajuda.com\/pt\/wp-json\/wp\/v2\/users\/3"}],"replies":[{"embeddable":true,"href":"https:\/\/joaocajuda.com\/pt\/wp-json\/wp\/v2\/comments?post=2249"}],"version-history":[{"count":8,"href":"https:\/\/joaocajuda.com\/pt\/wp-json\/wp\/v2\/pages\/2249\/revisions"}],"predecessor-version":[{"id":2258,"href":"https:\/\/joaocajuda.com\/pt\/wp-json\/wp\/v2\/pages\/2249\/revisions\/2258"}],"wp:attachment":[{"href":"https:\/\/joaocajuda.com\/pt\/wp-json\/wp\/v2\/media?parent=2249"}],"curies":[{"name":"wp","href":"https:\/\/api.w.org\/{rel}","templated":true}]}}