{"id":3285,"date":"2017-01-06T23:23:26","date_gmt":"2017-01-06T23:23:26","guid":{"rendered":"https:\/\/www.joaocajuda.com\/pt\/?page_id=3285"},"modified":"2017-01-07T09:50:24","modified_gmt":"2017-01-07T09:50:24","slug":"lemoni-cafe-boracay","status":"publish","type":"page","link":"https:\/\/joaocajuda.com\/pt\/lemoni-cafe-boracay\/","title":{"rendered":"Lemoni Caf\u00e9 Boracay"},"content":{"rendered":"<p><img data-recalc-dims=\"1\" loading=\"lazy\" decoding=\"async\" data-attachment-id=\"3287\" data-permalink=\"https:\/\/joaocajuda.com\/pt\/lemoni-cafe-boracay\/12983470_951745794924766_8434156680545120397_o\/\" data-orig-file=\"https:\/\/i0.wp.com\/joaocajuda.com\/pt\/assets\/uploads\/2017\/01\/12983470_951745794924766_8434156680545120397_o.jpg?fit=2048%2C1152&amp;ssl=1\" data-orig-size=\"2048,1152\" data-comments-opened=\"1\" data-image-meta=\"{&quot;aperture&quot;:&quot;0&quot;,&quot;credit&quot;:&quot;&quot;,&quot;camera&quot;:&quot;&quot;,&quot;caption&quot;:&quot;&quot;,&quot;created_timestamp&quot;:&quot;0&quot;,&quot;copyright&quot;:&quot;&quot;,&quot;focal_length&quot;:&quot;0&quot;,&quot;iso&quot;:&quot;0&quot;,&quot;shutter_speed&quot;:&quot;0&quot;,&quot;title&quot;:&quot;&quot;,&quot;orientation&quot;:&quot;0&quot;}\" data-image-title=\"12983470_951745794924766_8434156680545120397_o\" data-image-description=\"\" data-image-caption=\"\" data-medium-file=\"https:\/\/i0.wp.com\/joaocajuda.com\/pt\/assets\/uploads\/2017\/01\/12983470_951745794924766_8434156680545120397_o.jpg?fit=850%2C478&amp;ssl=1\" data-large-file=\"https:\/\/i0.wp.com\/joaocajuda.com\/pt\/assets\/uploads\/2017\/01\/12983470_951745794924766_8434156680545120397_o.jpg?fit=960%2C540&amp;ssl=1\" class=\"alignnone size-medium wp-image-3287\" src=\"https:\/\/i0.wp.com\/joaocajuda.com\/pt\/assets\/uploads\/2017\/01\/12983470_951745794924766_8434156680545120397_o.jpg?resize=850%2C478&#038;ssl=1\" alt=\"\" width=\"850\" height=\"478\" srcset=\"https:\/\/i0.wp.com\/joaocajuda.com\/pt\/assets\/uploads\/2017\/01\/12983470_951745794924766_8434156680545120397_o.jpg?resize=850%2C478&amp;ssl=1 850w, https:\/\/i0.wp.com\/joaocajuda.com\/pt\/assets\/uploads\/2017\/01\/12983470_951745794924766_8434156680545120397_o.jpg?resize=768%2C432&amp;ssl=1 768w, https:\/\/i0.wp.com\/joaocajuda.com\/pt\/assets\/uploads\/2017\/01\/12983470_951745794924766_8434156680545120397_o.jpg?resize=1024%2C576&amp;ssl=1 1024w, https:\/\/i0.wp.com\/joaocajuda.com\/pt\/assets\/uploads\/2017\/01\/12983470_951745794924766_8434156680545120397_o.jpg?w=2048&amp;ssl=1 2048w, https:\/\/i0.wp.com\/joaocajuda.com\/pt\/assets\/uploads\/2017\/01\/12983470_951745794924766_8434156680545120397_o.jpg?w=1920&amp;ssl=1 1920w\" sizes=\"auto, (max-width: 850px) 100vw, 850px\" \/><\/p>\n<p>O Lemoni Caf\u00e9 \u00e9 o restaurante da Julia, dona do Diniview Villas Hotel. J\u00e1 vos tinha dito no post anterior que \u00e9 o sem d\u00favida onde comi melhor em Boracay&#8230; sim at\u00e9\u00a0com 35C graus de temperatura comi sopa e mesmo assim soube-me pela vida! Aqui vais encontrar uma vasta lista de pratos, principalmente internacionais, desde pastas a saladas, sumos naturais (t\u00eam tantos que \u00e0s vezes pedia tr\u00eas pois n\u00e3o me conseguia decidir). Para n\u00e3o falar nas sobremesas que s\u00e3o divinais. Fica localizado no D&#8217;Mall a 2 minutos da praia, tens de ir, e manda um beijo \u00e0 Julia por mim! \ud83d\ude42<\/p>\n<p><img data-recalc-dims=\"1\" loading=\"lazy\" decoding=\"async\" data-attachment-id=\"3286\" data-permalink=\"https:\/\/joaocajuda.com\/pt\/lemoni-cafe-boracay\/joaocajuda-com-diniview-boracay-philippines-joao-cajuda-travel-blog-123-2\/\" data-orig-file=\"https:\/\/i0.wp.com\/joaocajuda.com\/pt\/assets\/uploads\/2017\/01\/Joaocajuda.com-Diniview-Boracay-Philippines-Jo%C3%A3o-Cajuda-Travel-Blog-123-1.jpg?fit=1500%2C1000&amp;ssl=1\" data-orig-size=\"1500,1000\" data-comments-opened=\"1\" data-image-meta=\"{&quot;aperture&quot;:&quot;4&quot;,&quot;credit&quot;:&quot;&quot;,&quot;camera&quot;:&quot;Canon EOS 70D&quot;,&quot;caption&quot;:&quot;&quot;,&quot;created_timestamp&quot;:&quot;1476177980&quot;,&quot;copyright&quot;:&quot;&quot;,&quot;focal_length&quot;:&quot;20&quot;,&quot;iso&quot;:&quot;100&quot;,&quot;shutter_speed&quot;:&quot;0.02&quot;,&quot;title&quot;:&quot;&quot;,&quot;orientation&quot;:&quot;1&quot;}\" data-image-title=\"Joaocajuda.com Diniview Boracay Philippines Jo\u00e3o Cajuda &amp;#8211; Travel Blog 123\" data-image-description=\"\" data-image-caption=\"\" data-medium-file=\"https:\/\/i0.wp.com\/joaocajuda.com\/pt\/assets\/uploads\/2017\/01\/Joaocajuda.com-Diniview-Boracay-Philippines-Jo%C3%A3o-Cajuda-Travel-Blog-123-1.jpg?fit=850%2C567&amp;ssl=1\" data-large-file=\"https:\/\/i0.wp.com\/joaocajuda.com\/pt\/assets\/uploads\/2017\/01\/Joaocajuda.com-Diniview-Boracay-Philippines-Jo%C3%A3o-Cajuda-Travel-Blog-123-1.jpg?fit=960%2C640&amp;ssl=1\" class=\"alignnone size-medium wp-image-3286\" src=\"https:\/\/i0.wp.com\/joaocajuda.com\/pt\/assets\/uploads\/2017\/01\/Joaocajuda.com-Diniview-Boracay-Philippines-Jo%C3%A3o-Cajuda-Travel-Blog-123-1.jpg?resize=850%2C567&#038;ssl=1\" alt=\"\" width=\"850\" height=\"567\" srcset=\"https:\/\/i0.wp.com\/joaocajuda.com\/pt\/assets\/uploads\/2017\/01\/Joaocajuda.com-Diniview-Boracay-Philippines-Jo%C3%A3o-Cajuda-Travel-Blog-123-1.jpg?resize=850%2C567&amp;ssl=1 850w, https:\/\/i0.wp.com\/joaocajuda.com\/pt\/assets\/uploads\/2017\/01\/Joaocajuda.com-Diniview-Boracay-Philippines-Jo%C3%A3o-Cajuda-Travel-Blog-123-1.jpg?resize=768%2C512&amp;ssl=1 768w, https:\/\/i0.wp.com\/joaocajuda.com\/pt\/assets\/uploads\/2017\/01\/Joaocajuda.com-Diniview-Boracay-Philippines-Jo%C3%A3o-Cajuda-Travel-Blog-123-1.jpg?resize=1024%2C683&amp;ssl=1 1024w, https:\/\/i0.wp.com\/joaocajuda.com\/pt\/assets\/uploads\/2017\/01\/Joaocajuda.com-Diniview-Boracay-Philippines-Jo%C3%A3o-Cajuda-Travel-Blog-123-1.jpg?w=1500&amp;ssl=1 1500w\" sizes=\"auto, (max-width: 850px) 100vw, 850px\" \/> <img data-recalc-dims=\"1\" loading=\"lazy\" decoding=\"async\" data-attachment-id=\"3288\" data-permalink=\"https:\/\/joaocajuda.com\/pt\/lemoni-cafe-boracay\/13048010_951745518258127_7796570068340048613_o\/\" data-orig-file=\"https:\/\/i0.wp.com\/joaocajuda.com\/pt\/assets\/uploads\/2017\/01\/13048010_951745518258127_7796570068340048613_o.jpg?fit=1600%2C1068&amp;ssl=1\" data-orig-size=\"1600,1068\" data-comments-opened=\"1\" data-image-meta=\"{&quot;aperture&quot;:&quot;0&quot;,&quot;credit&quot;:&quot;&quot;,&quot;camera&quot;:&quot;&quot;,&quot;caption&quot;:&quot;&quot;,&quot;created_timestamp&quot;:&quot;0&quot;,&quot;copyright&quot;:&quot;&quot;,&quot;focal_length&quot;:&quot;0&quot;,&quot;iso&quot;:&quot;0&quot;,&quot;shutter_speed&quot;:&quot;0&quot;,&quot;title&quot;:&quot;&quot;,&quot;orientation&quot;:&quot;0&quot;}\" data-image-title=\"13048010_951745518258127_7796570068340048613_o\" data-image-description=\"\" data-image-caption=\"\" data-medium-file=\"https:\/\/i0.wp.com\/joaocajuda.com\/pt\/assets\/uploads\/2017\/01\/13048010_951745518258127_7796570068340048613_o.jpg?fit=850%2C567&amp;ssl=1\" data-large-file=\"https:\/\/i0.wp.com\/joaocajuda.com\/pt\/assets\/uploads\/2017\/01\/13048010_951745518258127_7796570068340048613_o.jpg?fit=960%2C641&amp;ssl=1\" class=\"alignnone size-medium wp-image-3288\" src=\"https:\/\/i0.wp.com\/joaocajuda.com\/pt\/assets\/uploads\/2017\/01\/13048010_951745518258127_7796570068340048613_o.jpg?resize=850%2C567&#038;ssl=1\" alt=\"\" width=\"850\" height=\"567\" srcset=\"https:\/\/i0.wp.com\/joaocajuda.com\/pt\/assets\/uploads\/2017\/01\/13048010_951745518258127_7796570068340048613_o.jpg?resize=850%2C567&amp;ssl=1 850w, https:\/\/i0.wp.com\/joaocajuda.com\/pt\/assets\/uploads\/2017\/01\/13048010_951745518258127_7796570068340048613_o.jpg?resize=768%2C513&amp;ssl=1 768w, https:\/\/i0.wp.com\/joaocajuda.com\/pt\/assets\/uploads\/2017\/01\/13048010_951745518258127_7796570068340048613_o.jpg?resize=1024%2C684&amp;ssl=1 1024w, https:\/\/i0.wp.com\/joaocajuda.com\/pt\/assets\/uploads\/2017\/01\/13048010_951745518258127_7796570068340048613_o.jpg?w=1600&amp;ssl=1 1600w\" sizes=\"auto, (max-width: 850px) 100vw, 850px\" \/> <img data-recalc-dims=\"1\" loading=\"lazy\" decoding=\"async\" data-attachment-id=\"3290\" data-permalink=\"https:\/\/joaocajuda.com\/pt\/lemoni-cafe-boracay\/bcc602d8-9411-49c7-92b4-7a156199af89\/\" data-orig-file=\"https:\/\/i0.wp.com\/joaocajuda.com\/pt\/assets\/uploads\/2017\/01\/BCC602D8-9411-49C7-92B4-7A156199AF89.jpg?fit=1500%2C1002&amp;ssl=1\" data-orig-size=\"1500,1002\" data-comments-opened=\"1\" data-image-meta=\"{&quot;aperture&quot;:&quot;0&quot;,&quot;credit&quot;:&quot;&quot;,&quot;camera&quot;:&quot;&quot;,&quot;caption&quot;:&quot;&quot;,&quot;created_timestamp&quot;:&quot;0&quot;,&quot;copyright&quot;:&quot;&quot;,&quot;focal_length&quot;:&quot;0&quot;,&quot;iso&quot;:&quot;0&quot;,&quot;shutter_speed&quot;:&quot;0&quot;,&quot;title&quot;:&quot;&quot;,&quot;orientation&quot;:&quot;1&quot;}\" data-image-title=\"BCC602D8-9411-49C7-92B4-7A156199AF89\" data-image-description=\"\" data-image-caption=\"\" data-medium-file=\"https:\/\/i0.wp.com\/joaocajuda.com\/pt\/assets\/uploads\/2017\/01\/BCC602D8-9411-49C7-92B4-7A156199AF89.jpg?fit=850%2C568&amp;ssl=1\" data-large-file=\"https:\/\/i0.wp.com\/joaocajuda.com\/pt\/assets\/uploads\/2017\/01\/BCC602D8-9411-49C7-92B4-7A156199AF89.jpg?fit=960%2C641&amp;ssl=1\" class=\"alignnone size-medium wp-image-3290\" src=\"https:\/\/i0.wp.com\/joaocajuda.com\/pt\/assets\/uploads\/2017\/01\/BCC602D8-9411-49C7-92B4-7A156199AF89.jpg?resize=850%2C568&#038;ssl=1\" alt=\"\" width=\"850\" height=\"568\" srcset=\"https:\/\/i0.wp.com\/joaocajuda.com\/pt\/assets\/uploads\/2017\/01\/BCC602D8-9411-49C7-92B4-7A156199AF89.jpg?resize=850%2C568&amp;ssl=1 850w, https:\/\/i0.wp.com\/joaocajuda.com\/pt\/assets\/uploads\/2017\/01\/BCC602D8-9411-49C7-92B4-7A156199AF89.jpg?resize=768%2C513&amp;ssl=1 768w, https:\/\/i0.wp.com\/joaocajuda.com\/pt\/assets\/uploads\/2017\/01\/BCC602D8-9411-49C7-92B4-7A156199AF89.jpg?resize=1024%2C684&amp;ssl=1 1024w, https:\/\/i0.wp.com\/joaocajuda.com\/pt\/assets\/uploads\/2017\/01\/BCC602D8-9411-49C7-92B4-7A156199AF89.jpg?w=1500&amp;ssl=1 1500w\" sizes=\"auto, (max-width: 850px) 100vw, 850px\" \/> <img data-recalc-dims=\"1\" loading=\"lazy\" decoding=\"async\" data-attachment-id=\"3289\" data-permalink=\"https:\/\/joaocajuda.com\/pt\/lemoni-cafe-boracay\/4ce0dacf-1a02-4a6e-9bbf-909640ad5f74\/\" data-orig-file=\"https:\/\/i0.wp.com\/joaocajuda.com\/pt\/assets\/uploads\/2017\/01\/4CE0DACF-1A02-4A6E-9BBF-909640AD5F74.jpg?fit=1500%2C1010&amp;ssl=1\" data-orig-size=\"1500,1010\" data-comments-opened=\"1\" data-image-meta=\"{&quot;aperture&quot;:&quot;0&quot;,&quot;credit&quot;:&quot;&quot;,&quot;camera&quot;:&quot;&quot;,&quot;caption&quot;:&quot;&quot;,&quot;created_timestamp&quot;:&quot;0&quot;,&quot;copyright&quot;:&quot;&quot;,&quot;focal_length&quot;:&quot;0&quot;,&quot;iso&quot;:&quot;0&quot;,&quot;shutter_speed&quot;:&quot;0&quot;,&quot;title&quot;:&quot;&quot;,&quot;orientation&quot;:&quot;1&quot;}\" data-image-title=\"4CE0DACF-1A02-4A6E-9BBF-909640AD5F74\" data-image-description=\"\" data-image-caption=\"\" data-medium-file=\"https:\/\/i0.wp.com\/joaocajuda.com\/pt\/assets\/uploads\/2017\/01\/4CE0DACF-1A02-4A6E-9BBF-909640AD5F74.jpg?fit=850%2C572&amp;ssl=1\" data-large-file=\"https:\/\/i0.wp.com\/joaocajuda.com\/pt\/assets\/uploads\/2017\/01\/4CE0DACF-1A02-4A6E-9BBF-909640AD5F74.jpg?fit=960%2C646&amp;ssl=1\" class=\"alignnone size-medium wp-image-3289\" src=\"https:\/\/i0.wp.com\/joaocajuda.com\/pt\/assets\/uploads\/2017\/01\/4CE0DACF-1A02-4A6E-9BBF-909640AD5F74.jpg?resize=850%2C572&#038;ssl=1\" alt=\"\" width=\"850\" height=\"572\" srcset=\"https:\/\/i0.wp.com\/joaocajuda.com\/pt\/assets\/uploads\/2017\/01\/4CE0DACF-1A02-4A6E-9BBF-909640AD5F74.jpg?resize=850%2C572&amp;ssl=1 850w, https:\/\/i0.wp.com\/joaocajuda.com\/pt\/assets\/uploads\/2017\/01\/4CE0DACF-1A02-4A6E-9BBF-909640AD5F74.jpg?resize=768%2C517&amp;ssl=1 768w, https:\/\/i0.wp.com\/joaocajuda.com\/pt\/assets\/uploads\/2017\/01\/4CE0DACF-1A02-4A6E-9BBF-909640AD5F74.jpg?resize=1024%2C689&amp;ssl=1 1024w, https:\/\/i0.wp.com\/joaocajuda.com\/pt\/assets\/uploads\/2017\/01\/4CE0DACF-1A02-4A6E-9BBF-909640AD5F74.jpg?w=1500&amp;ssl=1 1500w\" sizes=\"auto, (max-width: 850px) 100vw, 850px\" \/><\/p>\n<p>&nbsp;<\/p>\n<h3 style=\"text-align: center;\"><b>Conecta-te com o\u00a0Lemoni Caf\u00e9<\/b><\/h3>\n<h4 style=\"text-align: center;\"><b>Reservas:<\/b><\/h4>\n<h5 style=\"text-align: center;\"><a href=\"https:\/\/www.facebook.com\/pg\/Lemonicafe.Boracay\/\" target=\"_blank\">LEMONI CAFE<\/a><\/h5>\n<p><a href=\"http:\/\/www.facebook.com\/cajuda.pt\" target=\"_blank\"><img data-recalc-dims=\"1\" loading=\"lazy\" decoding=\"async\" data-attachment-id=\"2406\" data-permalink=\"https:\/\/joaocajuda.com\/pt\/grecia-7-lugares-imperdiveis\/follow-me-on-facebook\/\" data-orig-file=\"https:\/\/i0.wp.com\/joaocajuda.com\/pt\/assets\/uploads\/2016\/12\/follow-me-on-Facebook.jpg?fit=850%2C177&amp;ssl=1\" data-orig-size=\"850,177\" data-comments-opened=\"1\" data-image-meta=\"{&quot;aperture&quot;:&quot;0&quot;,&quot;credit&quot;:&quot;&quot;,&quot;camera&quot;:&quot;&quot;,&quot;caption&quot;:&quot;&quot;,&quot;created_timestamp&quot;:&quot;0&quot;,&quot;copyright&quot;:&quot;&quot;,&quot;focal_length&quot;:&quot;0&quot;,&quot;iso&quot;:&quot;0&quot;,&quot;shutter_speed&quot;:&quot;0&quot;,&quot;title&quot;:&quot;&quot;,&quot;orientation&quot;:&quot;1&quot;}\" data-image-title=\"follow me on Facebook\" data-image-description=\"\" data-image-caption=\"\" data-medium-file=\"https:\/\/i0.wp.com\/joaocajuda.com\/pt\/assets\/uploads\/2016\/12\/follow-me-on-Facebook.jpg?fit=850%2C177&amp;ssl=1\" data-large-file=\"https:\/\/i0.wp.com\/joaocajuda.com\/pt\/assets\/uploads\/2016\/12\/follow-me-on-Facebook.jpg?fit=850%2C177&amp;ssl=1\" class=\"alignnone size-medium wp-image-2406\" src=\"https:\/\/i0.wp.com\/joaocajuda.com\/pt\/assets\/uploads\/2016\/12\/follow-me-on-Facebook.jpg?resize=850%2C177&#038;ssl=1\" alt=\"\" width=\"850\" height=\"177\" srcset=\"https:\/\/i0.wp.com\/joaocajuda.com\/pt\/assets\/uploads\/2016\/12\/follow-me-on-Facebook.jpg?w=850&amp;ssl=1 850w, https:\/\/i0.wp.com\/joaocajuda.com\/pt\/assets\/uploads\/2016\/12\/follow-me-on-Facebook.jpg?resize=768%2C160&amp;ssl=1 768w\" sizes=\"auto, (max-width: 850px) 100vw, 850px\" \/><\/a><\/p>\n","protected":false},"excerpt":{"rendered":"<p>O Lemoni Caf\u00e9 \u00e9 o restaurante da Julia, dona do Diniview Villas Hotel. J\u00e1 vos tinha dito no post anterior que \u00e9 o sem d\u00favida onde comi melhor em Boracay&#8230; sim at\u00e9\u00a0com 35C graus de temperatura comi sopa e mesmo assim soube-me pela vida! Aqui vais encontrar uma vasta lista de pratos, principalmente internacionais, desde [&hellip;]<\/p>\n","protected":false},"author":3,"featured_media":0,"parent":0,"menu_order":0,"comment_status":"closed","ping_status":"closed","template":"","meta":{"footnotes":""},"class_list":["post-3285","page","type-page","status-publish","hentry"],"yoast_head":"<!-- This site is optimized with the Yoast SEO plugin v27.3 - https:\/\/yoast.com\/product\/yoast-seo-wordpress\/ -->\n<title>Lemoni Caf\u00e9 Boracay - JOAOCAJUDA.COM<\/title>\n<meta name=\"robots\" content=\"index, follow, max-snippet:-1, max-image-preview:large, max-video-preview:-1\" \/>\n<link rel=\"canonical\" href=\"https:\/\/joaocajuda.com\/pt\/lemoni-cafe-boracay\/\" \/>\n<meta property=\"og:locale\" content=\"pt_PT\" \/>\n<meta property=\"og:type\" content=\"article\" \/>\n<meta property=\"og:title\" content=\"Lemoni Caf\u00e9 Boracay - JOAOCAJUDA.COM\" \/>\n<meta property=\"og:description\" content=\"O Lemoni Caf\u00e9 \u00e9 o restaurante da Julia, dona do Diniview Villas Hotel. J\u00e1 vos tinha dito no post anterior que \u00e9 o sem d\u00favida onde comi melhor em Boracay&#8230; sim at\u00e9\u00a0com 35C graus de temperatura comi sopa e mesmo assim soube-me pela vida! Aqui vais encontrar uma vasta lista de pratos, principalmente internacionais, desde [&hellip;]\" \/>\n<meta property=\"og:url\" content=\"https:\/\/joaocajuda.com\/pt\/lemoni-cafe-boracay\/\" \/>\n<meta property=\"og:site_name\" content=\"JOAOCAJUDA.COM\" \/>\n<meta property=\"article:publisher\" content=\"http:\/\/www.facebook.com\/cajuda.pt\" \/>\n<meta property=\"article:modified_time\" content=\"2017-01-07T09:50:24+00:00\" \/>\n<meta property=\"og:image\" content=\"https:\/\/joaocajuda.com\/pt\/assets\/uploads\/2017\/01\/12983470_951745794924766_8434156680545120397_o-850x478.jpg\" \/>\n<meta name=\"twitter:card\" content=\"summary_large_image\" \/>\n<meta name=\"twitter:site\" content=\"@joaocajuda\" \/>\n<meta name=\"twitter:label1\" content=\"Tempo estimado de leitura\" \/>\n\t<meta name=\"twitter:data1\" content=\"1 minuto\" \/>\n<script type=\"application\/ld+json\" class=\"yoast-schema-graph\">{\"@context\":\"https:\\\/\\\/schema.org\",\"@graph\":[{\"@type\":\"WebPage\",\"@id\":\"https:\\\/\\\/joaocajuda.com\\\/pt\\\/lemoni-cafe-boracay\\\/\",\"url\":\"https:\\\/\\\/joaocajuda.com\\\/pt\\\/lemoni-cafe-boracay\\\/\",\"name\":\"Lemoni Caf\u00e9 Boracay - JOAOCAJUDA.COM\",\"isPartOf\":{\"@id\":\"https:\\\/\\\/joaocajuda.com\\\/pt\\\/#website\"},\"primaryImageOfPage\":{\"@id\":\"https:\\\/\\\/joaocajuda.com\\\/pt\\\/lemoni-cafe-boracay\\\/#primaryimage\"},\"image\":{\"@id\":\"https:\\\/\\\/joaocajuda.com\\\/pt\\\/lemoni-cafe-boracay\\\/#primaryimage\"},\"thumbnailUrl\":\"https:\\\/\\\/joaocajuda.com\\\/pt\\\/assets\\\/uploads\\\/2017\\\/01\\\/12983470_951745794924766_8434156680545120397_o-850x478.jpg\",\"datePublished\":\"2017-01-06T23:23:26+00:00\",\"dateModified\":\"2017-01-07T09:50:24+00:00\",\"breadcrumb\":{\"@id\":\"https:\\\/\\\/joaocajuda.com\\\/pt\\\/lemoni-cafe-boracay\\\/#breadcrumb\"},\"inLanguage\":\"pt-PT\",\"potentialAction\":[{\"@type\":\"ReadAction\",\"target\":[\"https:\\\/\\\/joaocajuda.com\\\/pt\\\/lemoni-cafe-boracay\\\/\"]}]},{\"@type\":\"ImageObject\",\"inLanguage\":\"pt-PT\",\"@id\":\"https:\\\/\\\/joaocajuda.com\\\/pt\\\/lemoni-cafe-boracay\\\/#primaryimage\",\"url\":\"https:\\\/\\\/i0.wp.com\\\/joaocajuda.com\\\/pt\\\/assets\\\/uploads\\\/2017\\\/01\\\/12983470_951745794924766_8434156680545120397_o.jpg?fit=2048%2C1152&ssl=1\",\"contentUrl\":\"https:\\\/\\\/i0.wp.com\\\/joaocajuda.com\\\/pt\\\/assets\\\/uploads\\\/2017\\\/01\\\/12983470_951745794924766_8434156680545120397_o.jpg?fit=2048%2C1152&ssl=1\",\"width\":2048,\"height\":1152},{\"@type\":\"BreadcrumbList\",\"@id\":\"https:\\\/\\\/joaocajuda.com\\\/pt\\\/lemoni-cafe-boracay\\\/#breadcrumb\",\"itemListElement\":[{\"@type\":\"ListItem\",\"position\":1,\"name\":\"In\u00edcio\",\"item\":\"https:\\\/\\\/joaocajuda.com\\\/pt\\\/\"},{\"@type\":\"ListItem\",\"position\":2,\"name\":\"Lemoni Caf\u00e9 Boracay\"}]},{\"@type\":\"WebSite\",\"@id\":\"https:\\\/\\\/joaocajuda.com\\\/pt\\\/#website\",\"url\":\"https:\\\/\\\/joaocajuda.com\\\/pt\\\/\",\"name\":\"JOAOCAJUDA.COM\",\"description\":\"\",\"potentialAction\":[{\"@type\":\"SearchAction\",\"target\":{\"@type\":\"EntryPoint\",\"urlTemplate\":\"https:\\\/\\\/joaocajuda.com\\\/pt\\\/?s={search_term_string}\"},\"query-input\":{\"@type\":\"PropertyValueSpecification\",\"valueRequired\":true,\"valueName\":\"search_term_string\"}}],\"inLanguage\":\"pt-PT\"}]}<\/script>\n<!-- \/ Yoast SEO plugin. -->","yoast_head_json":{"title":"Lemoni Caf\u00e9 Boracay - JOAOCAJUDA.COM","robots":{"index":"index","follow":"follow","max-snippet":"max-snippet:-1","max-image-preview":"max-image-preview:large","max-video-preview":"max-video-preview:-1"},"canonical":"https:\/\/joaocajuda.com\/pt\/lemoni-cafe-boracay\/","og_locale":"pt_PT","og_type":"article","og_title":"Lemoni Caf\u00e9 Boracay - JOAOCAJUDA.COM","og_description":"O Lemoni Caf\u00e9 \u00e9 o restaurante da Julia, dona do Diniview Villas Hotel. J\u00e1 vos tinha dito no post anterior que \u00e9 o sem d\u00favida onde comi melhor em Boracay&#8230; sim at\u00e9\u00a0com 35C graus de temperatura comi sopa e mesmo assim soube-me pela vida! Aqui vais encontrar uma vasta lista de pratos, principalmente internacionais, desde [&hellip;]","og_url":"https:\/\/joaocajuda.com\/pt\/lemoni-cafe-boracay\/","og_site_name":"JOAOCAJUDA.COM","article_publisher":"http:\/\/www.facebook.com\/cajuda.pt","article_modified_time":"2017-01-07T09:50:24+00:00","og_image":[{"url":"https:\/\/joaocajuda.com\/pt\/assets\/uploads\/2017\/01\/12983470_951745794924766_8434156680545120397_o-850x478.jpg","type":"","width":"","height":""}],"twitter_card":"summary_large_image","twitter_site":"@joaocajuda","twitter_misc":{"Tempo estimado de leitura":"1 minuto"},"schema":{"@context":"https:\/\/schema.org","@graph":[{"@type":"WebPage","@id":"https:\/\/joaocajuda.com\/pt\/lemoni-cafe-boracay\/","url":"https:\/\/joaocajuda.com\/pt\/lemoni-cafe-boracay\/","name":"Lemoni Caf\u00e9 Boracay - JOAOCAJUDA.COM","isPartOf":{"@id":"https:\/\/joaocajuda.com\/pt\/#website"},"primaryImageOfPage":{"@id":"https:\/\/joaocajuda.com\/pt\/lemoni-cafe-boracay\/#primaryimage"},"image":{"@id":"https:\/\/joaocajuda.com\/pt\/lemoni-cafe-boracay\/#primaryimage"},"thumbnailUrl":"https:\/\/joaocajuda.com\/pt\/assets\/uploads\/2017\/01\/12983470_951745794924766_8434156680545120397_o-850x478.jpg","datePublished":"2017-01-06T23:23:26+00:00","dateModified":"2017-01-07T09:50:24+00:00","breadcrumb":{"@id":"https:\/\/joaocajuda.com\/pt\/lemoni-cafe-boracay\/#breadcrumb"},"inLanguage":"pt-PT","potentialAction":[{"@type":"ReadAction","target":["https:\/\/joaocajuda.com\/pt\/lemoni-cafe-boracay\/"]}]},{"@type":"ImageObject","inLanguage":"pt-PT","@id":"https:\/\/joaocajuda.com\/pt\/lemoni-cafe-boracay\/#primaryimage","url":"https:\/\/i0.wp.com\/joaocajuda.com\/pt\/assets\/uploads\/2017\/01\/12983470_951745794924766_8434156680545120397_o.jpg?fit=2048%2C1152&ssl=1","contentUrl":"https:\/\/i0.wp.com\/joaocajuda.com\/pt\/assets\/uploads\/2017\/01\/12983470_951745794924766_8434156680545120397_o.jpg?fit=2048%2C1152&ssl=1","width":2048,"height":1152},{"@type":"BreadcrumbList","@id":"https:\/\/joaocajuda.com\/pt\/lemoni-cafe-boracay\/#breadcrumb","itemListElement":[{"@type":"ListItem","position":1,"name":"In\u00edcio","item":"https:\/\/joaocajuda.com\/pt\/"},{"@type":"ListItem","position":2,"name":"Lemoni Caf\u00e9 Boracay"}]},{"@type":"WebSite","@id":"https:\/\/joaocajuda.com\/pt\/#website","url":"https:\/\/joaocajuda.com\/pt\/","name":"JOAOCAJUDA.COM","description":"","potentialAction":[{"@type":"SearchAction","target":{"@type":"EntryPoint","urlTemplate":"https:\/\/joaocajuda.com\/pt\/?s={search_term_string}"},"query-input":{"@type":"PropertyValueSpecification","valueRequired":true,"valueName":"search_term_string"}}],"inLanguage":"pt-PT"}]}},"jetpack_sharing_enabled":true,"_links":{"self":[{"href":"https:\/\/joaocajuda.com\/pt\/wp-json\/wp\/v2\/pages\/3285","targetHints":{"allow":["GET"]}}],"collection":[{"href":"https:\/\/joaocajuda.com\/pt\/wp-json\/wp\/v2\/pages"}],"about":[{"href":"https:\/\/joaocajuda.com\/pt\/wp-json\/wp\/v2\/types\/page"}],"author":[{"embeddable":true,"href":"https:\/\/joaocajuda.com\/pt\/wp-json\/wp\/v2\/users\/3"}],"replies":[{"embeddable":true,"href":"https:\/\/joaocajuda.com\/pt\/wp-json\/wp\/v2\/comments?post=3285"}],"version-history":[{"count":2,"href":"https:\/\/joaocajuda.com\/pt\/wp-json\/wp\/v2\/pages\/3285\/revisions"}],"predecessor-version":[{"id":3367,"href":"https:\/\/joaocajuda.com\/pt\/wp-json\/wp\/v2\/pages\/3285\/revisions\/3367"}],"wp:attachment":[{"href":"https:\/\/joaocajuda.com\/pt\/wp-json\/wp\/v2\/media?parent=3285"}],"curies":[{"name":"wp","href":"https:\/\/api.w.org\/{rel}","templated":true}]}}