{"id":7582,"date":"2019-08-07T00:37:35","date_gmt":"2019-08-07T00:37:35","guid":{"rendered":"https:\/\/www.joaocajuda.com\/pt\/?page_id=7582"},"modified":"2019-08-07T01:29:25","modified_gmt":"2019-08-07T01:29:25","slug":"politica-cookies-privacidade","status":"publish","type":"page","link":"https:\/\/joaocajuda.com\/pt\/politica-cookies-privacidade\/","title":{"rendered":"Pol\u00edtica de Cookies e Privacidade"},"content":{"rendered":"<div class=\"cli_pg_page_contaner\">\n<h3>Sobre a nossa Pol\u00edtica de Cookies<\/h3>\n<div>\n<p>Guardamos algumas cookies, sempre de forma an\u00f3nima. &#8220;Cookies&#8221; ou \u201cTrackers\u201d s\u00e3o pequenas etiquetas de software que s\u00e3o armazenadas no seu computador atrav\u00e9s do navegador (browser), retendo apenas informa\u00e7\u00e3o relacionada com as suas prefer\u00eancias, n\u00e3o incluindo, como tal, os seus dados pessoais.<\/p>\n<\/div>\n<h3>Que tipo de cookies usamos?<\/h3>\n<div>\n<p><b>Cookies de sess\u00e3o:<\/b><\/p>\n<ul>\n<li>Indicam os IDs de sess\u00e3o no servidor<\/li>\n<\/ul>\n<p><b>Cookies pr\u00f3prias:<\/b><\/p>\n<p>Utilizadas para manter o site no estado que utilizador prefere.<\/p>\n<ul>\n<li>Distinguir se o utilizador j\u00e1 visualizou alguma janela instant\u00e2nea<\/li>\n<li>Distinguir se o utilizador j\u00e1 visualizou a nossa Pol\u00edtica de Cookies e Privacidade<\/li>\n<\/ul>\n<p><b>Cookies de terceiros<\/b>:<\/p>\n<ul>\n<li>Ao permitir que os v\u00eddeos incorporados do facebook fiquem vis\u00edveis, o Facebook guarda uma s\u00e9rie de cookies que pode ser consultada aqui na P\u00e1gina de cookies https:\/\/www.facebook.com\/policy\/cookies\/<\/li>\n<\/ul>\n<p><b>Cookies de an\u00e1lise:<\/b><\/p>\n<ul>\n<li>De modo ao gestor do site conseguir analisar o tr\u00e1fego e como o utilizador interage com o site, usa-se o Google Analytics. As cookies guardadas podem ser consultadas aqui na P\u00e1gina de cookies. https:\/\/developers.google.com\/analytics\/devguides\/collection\/analyticsjs\/cookie-usage<\/li>\n<\/ul>\n<p>&nbsp;<\/p>\n<\/div>\n<h3>Como controlar as cookies?<\/h3>\n<div>\n<p><b>Apagar Cookies<\/b><\/p>\n<p>Caso pretenda alterar as suas prefer\u00eancias sobre as cookies deste site, pode carregar no bot\u00e3o &#8220;Pol\u00edtica de Cookies e Privacidade&#8221;. Isto ir\u00e1 mostrar o aviso de consentimento de novo, permitido-lhe mudar ou retirar o seu consentimento.<\/p>\n<p>Cada navegador tem as suas pr\u00f3prias ferramentas para apagar os cookies guardados pelo site no seu computador.<\/p>\n<p>Pode tamb\u00e9m rejeitar as cookies, bloqueando \u00e0 entrada no site, de qualquer cookie, ou usando uma janela do navegador em Modo Privado ou outras ferramentas de bloqueio de cookies.<\/p>\n<\/div>\n<p>O seu consentimento aplica-se a <a href=\"https:\/\/joaocajuda.com\">joaocajuda.com<\/a>.<\/p>\n<p>&nbsp;<\/p>\n<div class=\"cli_user_consent_state\">O seu estado actual: N\u00e3o foi dado consentimento. <a class=\"cli_manage_current_consent\" style=\"cursor:pointer;text-decoration:underline;\">Gerir o seu consentimento.<\/a> <\/div>\n<p>Esta lista mostra os cookies usados neste site.<\/p>\n<table class=\"cookielawinfo-row-cat-table cookielawinfo-classic\">\n<thead>\n<tr>\n<th class=\"cookielawinfo-column-1\">Cookie<\/th>\n<th class=\"cookielawinfo-column-4\">Descri\u00e7\u00e3o<\/th>\n<\/tr>\n<\/thead>\n<tbody>\n<tr class=\"cookielawinfo-row\">\n<td class=\"cookielawinfo-column-1\">_ga<\/td>\n<td class=\"cookielawinfo-column-4\">Google Analytics &#8211; Usado para diferenciar os visitantes<\/td>\n<\/tr>\n<tr class=\"cookielawinfo-row\">\n<td class=\"cookielawinfo-column-1\">_gid<\/td>\n<td class=\"cookielawinfo-column-4\">Google Analytics &#8211; Usado para diferenciar os visitantes<\/td>\n<\/tr>\n<tr class=\"cookielawinfo-row\">\n<td class=\"cookielawinfo-column-1\">cookielawinfo-checkbox-Necessary<\/td>\n<td class=\"cookielawinfo-column-4\">Garante funcionalidades b\u00e1sicas da barra de cookies.<\/td>\n<\/tr>\n<tr class=\"cookielawinfo-row\">\n<td class=\"cookielawinfo-column-1\">cookielawinfo-checkbox-non-necessary<\/td>\n<td class=\"cookielawinfo-column-4\">Garantir que as cookies n\u00e3o prim\u00e1rias funcionam.<\/td>\n<\/tr>\n<tr class=\"cookielawinfo-row\">\n<td class=\"cookielawinfo-column-1\">viewed_cookie_policy<\/td>\n<td class=\"cookielawinfo-column-4\">Se o visitante viu a pol\u00edtica de cookies.<\/td>\n<\/tr>\n<tr class=\"cookielawinfo-row\">\n<td class=\"cookielawinfo-column-1\">wpmchimpa_show<\/td>\n<td class=\"cookielawinfo-column-4\">Se o visitante viu o popup da newsletter e prevenir que seja mostrado de novo.<\/td>\n<\/tr>\n<\/tbody>\n<\/table>\n<\/div>\n","protected":false},"excerpt":{"rendered":"<p>Sobre a nossa Pol\u00edtica de Cookies Guardamos algumas cookies, sempre de forma an\u00f3nima. &#8220;Cookies&#8221; ou \u201cTrackers\u201d s\u00e3o pequenas etiquetas de software que s\u00e3o armazenadas no seu computador atrav\u00e9s do navegador (browser), retendo apenas informa\u00e7\u00e3o relacionada com as suas prefer\u00eancias, n\u00e3o incluindo, como tal, os seus dados pessoais. Que tipo de cookies usamos? Cookies de sess\u00e3o: [&hellip;]<\/p>\n","protected":false},"author":3,"featured_media":0,"parent":0,"menu_order":0,"comment_status":"closed","ping_status":"closed","template":"","meta":{"footnotes":""},"class_list":["post-7582","page","type-page","status-publish","hentry"],"yoast_head":"<!-- This site is optimized with the Yoast SEO plugin v27.3 - https:\/\/yoast.com\/product\/yoast-seo-wordpress\/ -->\n<title>Pol\u00edtica de Cookies e Privacidade - JOAOCAJUDA.COM<\/title>\n<meta name=\"robots\" content=\"index, follow, max-snippet:-1, max-image-preview:large, max-video-preview:-1\" \/>\n<link rel=\"canonical\" href=\"https:\/\/joaocajuda.com\/pt\/politica-cookies-privacidade\/\" \/>\n<meta property=\"og:locale\" content=\"pt_PT\" \/>\n<meta property=\"og:type\" content=\"article\" \/>\n<meta property=\"og:title\" content=\"Pol\u00edtica de Cookies e Privacidade - JOAOCAJUDA.COM\" \/>\n<meta property=\"og:description\" content=\"Sobre a nossa Pol\u00edtica de Cookies Guardamos algumas cookies, sempre de forma an\u00f3nima. &#8220;Cookies&#8221; ou \u201cTrackers\u201d s\u00e3o pequenas etiquetas de software que s\u00e3o armazenadas no seu computador atrav\u00e9s do navegador (browser), retendo apenas informa\u00e7\u00e3o relacionada com as suas prefer\u00eancias, n\u00e3o incluindo, como tal, os seus dados pessoais. Que tipo de cookies usamos? Cookies de sess\u00e3o: [&hellip;]\" \/>\n<meta property=\"og:url\" content=\"https:\/\/joaocajuda.com\/pt\/politica-cookies-privacidade\/\" \/>\n<meta property=\"og:site_name\" content=\"JOAOCAJUDA.COM\" \/>\n<meta property=\"article:publisher\" content=\"http:\/\/www.facebook.com\/cajuda.pt\" \/>\n<meta property=\"article:modified_time\" content=\"2019-08-07T01:29:25+00:00\" \/>\n<meta name=\"twitter:card\" content=\"summary_large_image\" \/>\n<meta name=\"twitter:site\" content=\"@joaocajuda\" \/>\n<meta name=\"twitter:label1\" content=\"Tempo estimado de leitura\" \/>\n\t<meta name=\"twitter:data1\" content=\"2 minutos\" \/>\n<script type=\"application\/ld+json\" class=\"yoast-schema-graph\">{\"@context\":\"https:\\\/\\\/schema.org\",\"@graph\":[{\"@type\":\"WebPage\",\"@id\":\"https:\\\/\\\/joaocajuda.com\\\/pt\\\/politica-cookies-privacidade\\\/\",\"url\":\"https:\\\/\\\/joaocajuda.com\\\/pt\\\/politica-cookies-privacidade\\\/\",\"name\":\"Pol\u00edtica de Cookies e Privacidade - JOAOCAJUDA.COM\",\"isPartOf\":{\"@id\":\"https:\\\/\\\/joaocajuda.com\\\/pt\\\/#website\"},\"datePublished\":\"2019-08-07T00:37:35+00:00\",\"dateModified\":\"2019-08-07T01:29:25+00:00\",\"breadcrumb\":{\"@id\":\"https:\\\/\\\/joaocajuda.com\\\/pt\\\/politica-cookies-privacidade\\\/#breadcrumb\"},\"inLanguage\":\"pt-PT\",\"potentialAction\":[{\"@type\":\"ReadAction\",\"target\":[\"https:\\\/\\\/joaocajuda.com\\\/pt\\\/politica-cookies-privacidade\\\/\"]}]},{\"@type\":\"BreadcrumbList\",\"@id\":\"https:\\\/\\\/joaocajuda.com\\\/pt\\\/politica-cookies-privacidade\\\/#breadcrumb\",\"itemListElement\":[{\"@type\":\"ListItem\",\"position\":1,\"name\":\"In\u00edcio\",\"item\":\"https:\\\/\\\/joaocajuda.com\\\/pt\\\/\"},{\"@type\":\"ListItem\",\"position\":2,\"name\":\"Pol\u00edtica de Cookies e Privacidade\"}]},{\"@type\":\"WebSite\",\"@id\":\"https:\\\/\\\/joaocajuda.com\\\/pt\\\/#website\",\"url\":\"https:\\\/\\\/joaocajuda.com\\\/pt\\\/\",\"name\":\"JOAOCAJUDA.COM\",\"description\":\"\",\"potentialAction\":[{\"@type\":\"SearchAction\",\"target\":{\"@type\":\"EntryPoint\",\"urlTemplate\":\"https:\\\/\\\/joaocajuda.com\\\/pt\\\/?s={search_term_string}\"},\"query-input\":{\"@type\":\"PropertyValueSpecification\",\"valueRequired\":true,\"valueName\":\"search_term_string\"}}],\"inLanguage\":\"pt-PT\"}]}<\/script>\n<!-- \/ Yoast SEO plugin. -->","yoast_head_json":{"title":"Pol\u00edtica de Cookies e Privacidade - JOAOCAJUDA.COM","robots":{"index":"index","follow":"follow","max-snippet":"max-snippet:-1","max-image-preview":"max-image-preview:large","max-video-preview":"max-video-preview:-1"},"canonical":"https:\/\/joaocajuda.com\/pt\/politica-cookies-privacidade\/","og_locale":"pt_PT","og_type":"article","og_title":"Pol\u00edtica de Cookies e Privacidade - JOAOCAJUDA.COM","og_description":"Sobre a nossa Pol\u00edtica de Cookies Guardamos algumas cookies, sempre de forma an\u00f3nima. &#8220;Cookies&#8221; ou \u201cTrackers\u201d s\u00e3o pequenas etiquetas de software que s\u00e3o armazenadas no seu computador atrav\u00e9s do navegador (browser), retendo apenas informa\u00e7\u00e3o relacionada com as suas prefer\u00eancias, n\u00e3o incluindo, como tal, os seus dados pessoais. Que tipo de cookies usamos? Cookies de sess\u00e3o: [&hellip;]","og_url":"https:\/\/joaocajuda.com\/pt\/politica-cookies-privacidade\/","og_site_name":"JOAOCAJUDA.COM","article_publisher":"http:\/\/www.facebook.com\/cajuda.pt","article_modified_time":"2019-08-07T01:29:25+00:00","twitter_card":"summary_large_image","twitter_site":"@joaocajuda","twitter_misc":{"Tempo estimado de leitura":"2 minutos"},"schema":{"@context":"https:\/\/schema.org","@graph":[{"@type":"WebPage","@id":"https:\/\/joaocajuda.com\/pt\/politica-cookies-privacidade\/","url":"https:\/\/joaocajuda.com\/pt\/politica-cookies-privacidade\/","name":"Pol\u00edtica de Cookies e Privacidade - JOAOCAJUDA.COM","isPartOf":{"@id":"https:\/\/joaocajuda.com\/pt\/#website"},"datePublished":"2019-08-07T00:37:35+00:00","dateModified":"2019-08-07T01:29:25+00:00","breadcrumb":{"@id":"https:\/\/joaocajuda.com\/pt\/politica-cookies-privacidade\/#breadcrumb"},"inLanguage":"pt-PT","potentialAction":[{"@type":"ReadAction","target":["https:\/\/joaocajuda.com\/pt\/politica-cookies-privacidade\/"]}]},{"@type":"BreadcrumbList","@id":"https:\/\/joaocajuda.com\/pt\/politica-cookies-privacidade\/#breadcrumb","itemListElement":[{"@type":"ListItem","position":1,"name":"In\u00edcio","item":"https:\/\/joaocajuda.com\/pt\/"},{"@type":"ListItem","position":2,"name":"Pol\u00edtica de Cookies e Privacidade"}]},{"@type":"WebSite","@id":"https:\/\/joaocajuda.com\/pt\/#website","url":"https:\/\/joaocajuda.com\/pt\/","name":"JOAOCAJUDA.COM","description":"","potentialAction":[{"@type":"SearchAction","target":{"@type":"EntryPoint","urlTemplate":"https:\/\/joaocajuda.com\/pt\/?s={search_term_string}"},"query-input":{"@type":"PropertyValueSpecification","valueRequired":true,"valueName":"search_term_string"}}],"inLanguage":"pt-PT"}]}},"jetpack_sharing_enabled":true,"_links":{"self":[{"href":"https:\/\/joaocajuda.com\/pt\/wp-json\/wp\/v2\/pages\/7582","targetHints":{"allow":["GET"]}}],"collection":[{"href":"https:\/\/joaocajuda.com\/pt\/wp-json\/wp\/v2\/pages"}],"about":[{"href":"https:\/\/joaocajuda.com\/pt\/wp-json\/wp\/v2\/types\/page"}],"author":[{"embeddable":true,"href":"https:\/\/joaocajuda.com\/pt\/wp-json\/wp\/v2\/users\/3"}],"replies":[{"embeddable":true,"href":"https:\/\/joaocajuda.com\/pt\/wp-json\/wp\/v2\/comments?post=7582"}],"version-history":[{"count":3,"href":"https:\/\/joaocajuda.com\/pt\/wp-json\/wp\/v2\/pages\/7582\/revisions"}],"predecessor-version":[{"id":7585,"href":"https:\/\/joaocajuda.com\/pt\/wp-json\/wp\/v2\/pages\/7582\/revisions\/7585"}],"wp:attachment":[{"href":"https:\/\/joaocajuda.com\/pt\/wp-json\/wp\/v2\/media?parent=7582"}],"curies":[{"name":"wp","href":"https:\/\/api.w.org\/{rel}","templated":true}]}}