{"id":88,"date":"2015-06-12T15:54:29","date_gmt":"2015-06-12T15:54:29","guid":{"rendered":"https:\/\/www.joaocajuda.com\/pt\/?page_id=88"},"modified":"2022-12-21T10:47:40","modified_gmt":"2022-12-21T10:47:40","slug":"sobre-mim","status":"publish","type":"page","link":"https:\/\/joaocajuda.com\/pt\/sobre-mim\/","title":{"rendered":"SOBRE MIM"},"content":{"rendered":"<p><img data-recalc-dims=\"1\" loading=\"lazy\" decoding=\"async\" data-attachment-id=\"6650\" data-permalink=\"https:\/\/joaocajuda.com\/pt\/sobre-mim\/philippines-filipinas-travel-boracay-palawan-el-nido-coron-bohol-cebu-cajuda-blog-117\/\" data-orig-file=\"https:\/\/i0.wp.com\/joaocajuda.com\/pt\/assets\/uploads\/2018\/10\/Philippines-Filipinas-Travel-Boracay-Palawan-El-Nido-Coron-Bohol-Cebu-Cajuda-Blog-117.jpg?fit=1600%2C1067&amp;ssl=1\" data-orig-size=\"1600,1067\" data-comments-opened=\"1\" data-image-meta=\"{&quot;aperture&quot;:&quot;0&quot;,&quot;credit&quot;:&quot;&quot;,&quot;camera&quot;:&quot;&quot;,&quot;caption&quot;:&quot;&quot;,&quot;created_timestamp&quot;:&quot;0&quot;,&quot;copyright&quot;:&quot;&quot;,&quot;focal_length&quot;:&quot;0&quot;,&quot;iso&quot;:&quot;0&quot;,&quot;shutter_speed&quot;:&quot;0&quot;,&quot;title&quot;:&quot;&quot;,&quot;orientation&quot;:&quot;0&quot;}\" data-image-title=\"Philippines Filipinas Travel Boracay Palawan El Nido Coron Bohol Cebu Cajuda Blog-117\" data-image-description=\"\" data-image-caption=\"\" data-medium-file=\"https:\/\/i0.wp.com\/joaocajuda.com\/pt\/assets\/uploads\/2018\/10\/Philippines-Filipinas-Travel-Boracay-Palawan-El-Nido-Coron-Bohol-Cebu-Cajuda-Blog-117.jpg?fit=850%2C567&amp;ssl=1\" data-large-file=\"https:\/\/i0.wp.com\/joaocajuda.com\/pt\/assets\/uploads\/2018\/10\/Philippines-Filipinas-Travel-Boracay-Palawan-El-Nido-Coron-Bohol-Cebu-Cajuda-Blog-117.jpg?fit=960%2C640&amp;ssl=1\" class=\"alignnone size-medium wp-image-6650\" src=\"https:\/\/i0.wp.com\/joaocajuda.com\/pt\/assets\/uploads\/2018\/10\/Philippines-Filipinas-Travel-Boracay-Palawan-El-Nido-Coron-Bohol-Cebu-Cajuda-Blog-117.jpg?resize=850%2C567&#038;ssl=1\" alt=\"\" width=\"850\" height=\"567\" srcset=\"https:\/\/i0.wp.com\/joaocajuda.com\/pt\/assets\/uploads\/2018\/10\/Philippines-Filipinas-Travel-Boracay-Palawan-El-Nido-Coron-Bohol-Cebu-Cajuda-Blog-117.jpg?resize=850%2C567&amp;ssl=1 850w, https:\/\/i0.wp.com\/joaocajuda.com\/pt\/assets\/uploads\/2018\/10\/Philippines-Filipinas-Travel-Boracay-Palawan-El-Nido-Coron-Bohol-Cebu-Cajuda-Blog-117.jpg?resize=768%2C512&amp;ssl=1 768w, https:\/\/i0.wp.com\/joaocajuda.com\/pt\/assets\/uploads\/2018\/10\/Philippines-Filipinas-Travel-Boracay-Palawan-El-Nido-Coron-Bohol-Cebu-Cajuda-Blog-117.jpg?resize=1024%2C683&amp;ssl=1 1024w, https:\/\/i0.wp.com\/joaocajuda.com\/pt\/assets\/uploads\/2018\/10\/Philippines-Filipinas-Travel-Boracay-Palawan-El-Nido-Coron-Bohol-Cebu-Cajuda-Blog-117.jpg?w=1600&amp;ssl=1 1600w\" sizes=\"auto, (max-width: 850px) 100vw, 850px\" \/><\/p>\n<p style=\"text-align: justify;\"><strong>QUEM \u00c9 O JO\u00c3O CAJUDA?<\/strong><\/p>\n<p style=\"text-align: justify;\">Ol\u00e1! Eu sou o Jo\u00e3o Cajuda, blogger de viagens.<\/p>\n<p style=\"text-align: justify;\">Algumas pessoas conhecem-me por ter sido actor, pois bem&#8230; decidi passar para tr\u00e1s das cameras! Ap\u00f3s licenciar-me em Ci\u00eancias da Comunica\u00e7\u00e3o (Marketing e Publicidade), \u00a0resolvi combinar a minha experi\u00eancia em Televis\u00e3o\/Cinema em Portugal, Nova Iorque e Los Angeles onde estudei, com a minha licenciatura para fazer o que mais gosto&#8230; viajar, escrever, fotografar e filmar.<\/p>\n<p style=\"text-align: justify;\">Em 2013 decidi concorrer a um concurso de viagens, o\u00a0<em>Biggest Baddest Bucket List<\/em>\u00a0(Melhor Emprego do Mundo), fui finalista, n\u00e3o ganhei mas tive a certeza que era no mundo das viagens que queria\u00a0trabalhar. Decidi ent\u00e3o criar\u00a0este blog com\u00a0a inten\u00e7\u00e3o de poder partilhar o meu trabalho e inspirar os outros a viajar&#8230; Desde ent\u00e3o produzi conte\u00fado para o Travel Channel assim como para in\u00fameros hot\u00e9is, ag\u00eancias de viagens, companhias a\u00e9reas, diversas marcas e empresas\u00a0na \u00e1rea do turismo\u00a0um pouco por todo o\u00a0mundo. Em 2016 decidi, juntamente com uma grande amiga, criar a minha pr\u00f3pria ag\u00eancia de viagens de aventura a LEVA-ME! Hoje tenho o prazer de acompanhar in\u00fameros viajantes por ano a alguns dos lugares que mais gosto, como Marrocos, Tail\u00e2ndia, Tanz\u00e2nia, Filipinas e Indon\u00e9sia. Para te juntares a um dos grupos visita <a href=\"http:\/\/www.leva-me.com\">www.leva-me.com<\/a>.<\/p>\n<p style=\"text-align: justify;\">Neste blogue e redes sociais partilho\u00a0as minhas experi\u00eancias onde digo honestamente o que correu bem e por vezes mal. Tenho tamb\u00e9m uma sele\u00e7\u00e3o pessoal dos meus lugares preferidos em todo o mundo com base no &#8220;estive l\u00e1, fiz isto!&#8221; assim como dicas para tornar as tuas viagens mais pr\u00e1ticas, divertidas e interessantes. Desejo atrav\u00e9s dos meus v\u00eddeos, conseguir mostrar-vos que o Mundo \u00e9 lugar incr\u00edvel e consciencializar-vos das diferentes realidades, respeitando sempre a diversidade de cada indiv\u00edduo, cultura e pa\u00eds.<\/p>\n<p style=\"text-align: justify;\">Se tiveres coment\u00e1rios, sugest\u00f5es ou alguma d\u00favida envia-me um\u00a0<a href=\"mailto:contact@joaocajuda.com\">e-mail<\/a>. Terei todo o prazer em ajudar-te.<\/p>\n<p style=\"text-align: justify;\">Podes e deves tamb\u00e9m seguir as minhas aventuras no\u00a0<a href=\"http:\/\/www.facebook.com\/cajuda.pt\">Facebook<\/a>,\u00a0<a href=\"http:\/\/www.twitter.com\/joaocajuda\">Twitter<\/a>\u00a0e\u00a0<a href=\"http:\/\/www.instagram.com\/joaocajuda\">Instagram<\/a>.<\/p>\n<p style=\"text-align: justify;\">Boas Viagens \ud83d\ude42<\/p>\n<p style=\"text-align: justify;\">\n","protected":false},"excerpt":{"rendered":"<p>QUEM \u00c9 O JO\u00c3O CAJUDA? Ol\u00e1! Eu sou o Jo\u00e3o Cajuda, blogger de viagens. Algumas pessoas conhecem-me por ter sido actor, pois bem&#8230; decidi passar para tr\u00e1s das cameras! Ap\u00f3s licenciar-me em Ci\u00eancias da Comunica\u00e7\u00e3o (Marketing e Publicidade), \u00a0resolvi combinar a minha experi\u00eancia em Televis\u00e3o\/Cinema em Portugal, Nova Iorque e Los Angeles onde estudei, com [&hellip;]<\/p>\n","protected":false},"author":3,"featured_media":0,"parent":0,"menu_order":0,"comment_status":"open","ping_status":"open","template":"","meta":{"footnotes":""},"class_list":["post-88","page","type-page","status-publish","hentry"],"yoast_head":"<!-- This site is optimized with the Yoast SEO plugin v27.3 - https:\/\/yoast.com\/product\/yoast-seo-wordpress\/ -->\n<title>SOBRE MIM - JOAOCAJUDA.COM<\/title>\n<meta name=\"robots\" content=\"index, follow, max-snippet:-1, max-image-preview:large, max-video-preview:-1\" \/>\n<link rel=\"canonical\" href=\"https:\/\/joaocajuda.com\/pt\/sobre-mim\/\" \/>\n<meta property=\"og:locale\" content=\"pt_PT\" \/>\n<meta property=\"og:type\" content=\"article\" \/>\n<meta property=\"og:title\" content=\"SOBRE MIM - JOAOCAJUDA.COM\" \/>\n<meta property=\"og:description\" content=\"QUEM \u00c9 O JO\u00c3O CAJUDA? Ol\u00e1! Eu sou o Jo\u00e3o Cajuda, blogger de viagens. Algumas pessoas conhecem-me por ter sido actor, pois bem&#8230; decidi passar para tr\u00e1s das cameras! Ap\u00f3s licenciar-me em Ci\u00eancias da Comunica\u00e7\u00e3o (Marketing e Publicidade), \u00a0resolvi combinar a minha experi\u00eancia em Televis\u00e3o\/Cinema em Portugal, Nova Iorque e Los Angeles onde estudei, com [&hellip;]\" \/>\n<meta property=\"og:url\" content=\"https:\/\/joaocajuda.com\/pt\/sobre-mim\/\" \/>\n<meta property=\"og:site_name\" content=\"JOAOCAJUDA.COM\" \/>\n<meta property=\"article:publisher\" content=\"http:\/\/www.facebook.com\/cajuda.pt\" \/>\n<meta property=\"article:modified_time\" content=\"2022-12-21T10:47:40+00:00\" \/>\n<meta property=\"og:image\" content=\"https:\/\/joaocajuda.com\/pt\/assets\/uploads\/2018\/10\/Philippines-Filipinas-Travel-Boracay-Palawan-El-Nido-Coron-Bohol-Cebu-Cajuda-Blog-117-850x567.jpg\" \/>\n<meta name=\"twitter:card\" content=\"summary_large_image\" \/>\n<meta name=\"twitter:site\" content=\"@joaocajuda\" \/>\n<meta name=\"twitter:label1\" content=\"Tempo estimado de leitura\" \/>\n\t<meta name=\"twitter:data1\" content=\"2 minutos\" \/>\n<script type=\"application\/ld+json\" class=\"yoast-schema-graph\">{\"@context\":\"https:\\\/\\\/schema.org\",\"@graph\":[{\"@type\":\"WebPage\",\"@id\":\"https:\\\/\\\/joaocajuda.com\\\/pt\\\/sobre-mim\\\/\",\"url\":\"https:\\\/\\\/joaocajuda.com\\\/pt\\\/sobre-mim\\\/\",\"name\":\"SOBRE MIM - JOAOCAJUDA.COM\",\"isPartOf\":{\"@id\":\"https:\\\/\\\/joaocajuda.com\\\/pt\\\/#website\"},\"primaryImageOfPage\":{\"@id\":\"https:\\\/\\\/joaocajuda.com\\\/pt\\\/sobre-mim\\\/#primaryimage\"},\"image\":{\"@id\":\"https:\\\/\\\/joaocajuda.com\\\/pt\\\/sobre-mim\\\/#primaryimage\"},\"thumbnailUrl\":\"https:\\\/\\\/joaocajuda.com\\\/pt\\\/assets\\\/uploads\\\/2018\\\/10\\\/Philippines-Filipinas-Travel-Boracay-Palawan-El-Nido-Coron-Bohol-Cebu-Cajuda-Blog-117-850x567.jpg\",\"datePublished\":\"2015-06-12T15:54:29+00:00\",\"dateModified\":\"2022-12-21T10:47:40+00:00\",\"breadcrumb\":{\"@id\":\"https:\\\/\\\/joaocajuda.com\\\/pt\\\/sobre-mim\\\/#breadcrumb\"},\"inLanguage\":\"pt-PT\",\"potentialAction\":[{\"@type\":\"ReadAction\",\"target\":[\"https:\\\/\\\/joaocajuda.com\\\/pt\\\/sobre-mim\\\/\"]}]},{\"@type\":\"ImageObject\",\"inLanguage\":\"pt-PT\",\"@id\":\"https:\\\/\\\/joaocajuda.com\\\/pt\\\/sobre-mim\\\/#primaryimage\",\"url\":\"https:\\\/\\\/i0.wp.com\\\/joaocajuda.com\\\/pt\\\/assets\\\/uploads\\\/2018\\\/10\\\/Philippines-Filipinas-Travel-Boracay-Palawan-El-Nido-Coron-Bohol-Cebu-Cajuda-Blog-117.jpg?fit=1600%2C1067&ssl=1\",\"contentUrl\":\"https:\\\/\\\/i0.wp.com\\\/joaocajuda.com\\\/pt\\\/assets\\\/uploads\\\/2018\\\/10\\\/Philippines-Filipinas-Travel-Boracay-Palawan-El-Nido-Coron-Bohol-Cebu-Cajuda-Blog-117.jpg?fit=1600%2C1067&ssl=1\",\"width\":1600,\"height\":1067},{\"@type\":\"BreadcrumbList\",\"@id\":\"https:\\\/\\\/joaocajuda.com\\\/pt\\\/sobre-mim\\\/#breadcrumb\",\"itemListElement\":[{\"@type\":\"ListItem\",\"position\":1,\"name\":\"In\u00edcio\",\"item\":\"https:\\\/\\\/joaocajuda.com\\\/pt\\\/\"},{\"@type\":\"ListItem\",\"position\":2,\"name\":\"SOBRE MIM\"}]},{\"@type\":\"WebSite\",\"@id\":\"https:\\\/\\\/joaocajuda.com\\\/pt\\\/#website\",\"url\":\"https:\\\/\\\/joaocajuda.com\\\/pt\\\/\",\"name\":\"JOAOCAJUDA.COM\",\"description\":\"\",\"potentialAction\":[{\"@type\":\"SearchAction\",\"target\":{\"@type\":\"EntryPoint\",\"urlTemplate\":\"https:\\\/\\\/joaocajuda.com\\\/pt\\\/?s={search_term_string}\"},\"query-input\":{\"@type\":\"PropertyValueSpecification\",\"valueRequired\":true,\"valueName\":\"search_term_string\"}}],\"inLanguage\":\"pt-PT\"}]}<\/script>\n<!-- \/ Yoast SEO plugin. -->","yoast_head_json":{"title":"SOBRE MIM - JOAOCAJUDA.COM","robots":{"index":"index","follow":"follow","max-snippet":"max-snippet:-1","max-image-preview":"max-image-preview:large","max-video-preview":"max-video-preview:-1"},"canonical":"https:\/\/joaocajuda.com\/pt\/sobre-mim\/","og_locale":"pt_PT","og_type":"article","og_title":"SOBRE MIM - JOAOCAJUDA.COM","og_description":"QUEM \u00c9 O JO\u00c3O CAJUDA? Ol\u00e1! Eu sou o Jo\u00e3o Cajuda, blogger de viagens. Algumas pessoas conhecem-me por ter sido actor, pois bem&#8230; decidi passar para tr\u00e1s das cameras! Ap\u00f3s licenciar-me em Ci\u00eancias da Comunica\u00e7\u00e3o (Marketing e Publicidade), \u00a0resolvi combinar a minha experi\u00eancia em Televis\u00e3o\/Cinema em Portugal, Nova Iorque e Los Angeles onde estudei, com [&hellip;]","og_url":"https:\/\/joaocajuda.com\/pt\/sobre-mim\/","og_site_name":"JOAOCAJUDA.COM","article_publisher":"http:\/\/www.facebook.com\/cajuda.pt","article_modified_time":"2022-12-21T10:47:40+00:00","og_image":[{"url":"https:\/\/joaocajuda.com\/pt\/assets\/uploads\/2018\/10\/Philippines-Filipinas-Travel-Boracay-Palawan-El-Nido-Coron-Bohol-Cebu-Cajuda-Blog-117-850x567.jpg","type":"","width":"","height":""}],"twitter_card":"summary_large_image","twitter_site":"@joaocajuda","twitter_misc":{"Tempo estimado de leitura":"2 minutos"},"schema":{"@context":"https:\/\/schema.org","@graph":[{"@type":"WebPage","@id":"https:\/\/joaocajuda.com\/pt\/sobre-mim\/","url":"https:\/\/joaocajuda.com\/pt\/sobre-mim\/","name":"SOBRE MIM - JOAOCAJUDA.COM","isPartOf":{"@id":"https:\/\/joaocajuda.com\/pt\/#website"},"primaryImageOfPage":{"@id":"https:\/\/joaocajuda.com\/pt\/sobre-mim\/#primaryimage"},"image":{"@id":"https:\/\/joaocajuda.com\/pt\/sobre-mim\/#primaryimage"},"thumbnailUrl":"https:\/\/joaocajuda.com\/pt\/assets\/uploads\/2018\/10\/Philippines-Filipinas-Travel-Boracay-Palawan-El-Nido-Coron-Bohol-Cebu-Cajuda-Blog-117-850x567.jpg","datePublished":"2015-06-12T15:54:29+00:00","dateModified":"2022-12-21T10:47:40+00:00","breadcrumb":{"@id":"https:\/\/joaocajuda.com\/pt\/sobre-mim\/#breadcrumb"},"inLanguage":"pt-PT","potentialAction":[{"@type":"ReadAction","target":["https:\/\/joaocajuda.com\/pt\/sobre-mim\/"]}]},{"@type":"ImageObject","inLanguage":"pt-PT","@id":"https:\/\/joaocajuda.com\/pt\/sobre-mim\/#primaryimage","url":"https:\/\/i0.wp.com\/joaocajuda.com\/pt\/assets\/uploads\/2018\/10\/Philippines-Filipinas-Travel-Boracay-Palawan-El-Nido-Coron-Bohol-Cebu-Cajuda-Blog-117.jpg?fit=1600%2C1067&ssl=1","contentUrl":"https:\/\/i0.wp.com\/joaocajuda.com\/pt\/assets\/uploads\/2018\/10\/Philippines-Filipinas-Travel-Boracay-Palawan-El-Nido-Coron-Bohol-Cebu-Cajuda-Blog-117.jpg?fit=1600%2C1067&ssl=1","width":1600,"height":1067},{"@type":"BreadcrumbList","@id":"https:\/\/joaocajuda.com\/pt\/sobre-mim\/#breadcrumb","itemListElement":[{"@type":"ListItem","position":1,"name":"In\u00edcio","item":"https:\/\/joaocajuda.com\/pt\/"},{"@type":"ListItem","position":2,"name":"SOBRE MIM"}]},{"@type":"WebSite","@id":"https:\/\/joaocajuda.com\/pt\/#website","url":"https:\/\/joaocajuda.com\/pt\/","name":"JOAOCAJUDA.COM","description":"","potentialAction":[{"@type":"SearchAction","target":{"@type":"EntryPoint","urlTemplate":"https:\/\/joaocajuda.com\/pt\/?s={search_term_string}"},"query-input":{"@type":"PropertyValueSpecification","valueRequired":true,"valueName":"search_term_string"}}],"inLanguage":"pt-PT"}]}},"jetpack_sharing_enabled":true,"_links":{"self":[{"href":"https:\/\/joaocajuda.com\/pt\/wp-json\/wp\/v2\/pages\/88","targetHints":{"allow":["GET"]}}],"collection":[{"href":"https:\/\/joaocajuda.com\/pt\/wp-json\/wp\/v2\/pages"}],"about":[{"href":"https:\/\/joaocajuda.com\/pt\/wp-json\/wp\/v2\/types\/page"}],"author":[{"embeddable":true,"href":"https:\/\/joaocajuda.com\/pt\/wp-json\/wp\/v2\/users\/3"}],"replies":[{"embeddable":true,"href":"https:\/\/joaocajuda.com\/pt\/wp-json\/wp\/v2\/comments?post=88"}],"version-history":[{"count":18,"href":"https:\/\/joaocajuda.com\/pt\/wp-json\/wp\/v2\/pages\/88\/revisions"}],"predecessor-version":[{"id":9478,"href":"https:\/\/joaocajuda.com\/pt\/wp-json\/wp\/v2\/pages\/88\/revisions\/9478"}],"wp:attachment":[{"href":"https:\/\/joaocajuda.com\/pt\/wp-json\/wp\/v2\/media?parent=88"}],"curies":[{"name":"wp","href":"https:\/\/api.w.org\/{rel}","templated":true}]}}