{"id":929,"date":"2015-07-30T15:03:02","date_gmt":"2015-07-30T15:03:02","guid":{"rendered":"https:\/\/www.joaocajuda.com\/pt\/?page_id=929"},"modified":"2015-07-30T15:03:37","modified_gmt":"2015-07-30T15:03:37","slug":"roma-aeroporto-fiumicino-ciampino","status":"publish","type":"page","link":"https:\/\/joaocajuda.com\/pt\/roma-aeroporto-fiumicino-ciampino\/","title":{"rendered":"ROMA AEROPORTOS &#8211; FIUMICINO \/ CIAMPINO"},"content":{"rendered":"<p><a href=\"https:\/\/i0.wp.com\/joaocajuda.com\/pt\/assets\/uploads\/2015\/07\/A55908.jpg?ssl=1\"><img data-recalc-dims=\"1\" loading=\"lazy\" decoding=\"async\" data-attachment-id=\"924\" data-permalink=\"https:\/\/joaocajuda.com\/pt\/bella-italia\/a55908\/\" data-orig-file=\"https:\/\/i0.wp.com\/joaocajuda.com\/pt\/assets\/uploads\/2015\/07\/A55908.jpg?fit=1280%2C720&amp;ssl=1\" data-orig-size=\"1280,720\" data-comments-opened=\"1\" data-image-meta=\"{&quot;aperture&quot;:&quot;0&quot;,&quot;credit&quot;:&quot;&quot;,&quot;camera&quot;:&quot;&quot;,&quot;caption&quot;:&quot;&quot;,&quot;created_timestamp&quot;:&quot;0&quot;,&quot;copyright&quot;:&quot;&quot;,&quot;focal_length&quot;:&quot;0&quot;,&quot;iso&quot;:&quot;0&quot;,&quot;shutter_speed&quot;:&quot;0&quot;,&quot;title&quot;:&quot;&quot;,&quot;orientation&quot;:&quot;0&quot;}\" data-image-title=\"A55908\" data-image-description=\"\" data-image-caption=\"\" data-medium-file=\"https:\/\/i0.wp.com\/joaocajuda.com\/pt\/assets\/uploads\/2015\/07\/A55908.jpg?fit=850%2C478&amp;ssl=1\" data-large-file=\"https:\/\/i0.wp.com\/joaocajuda.com\/pt\/assets\/uploads\/2015\/07\/A55908.jpg?fit=960%2C540&amp;ssl=1\" class=\"alignnone size-medium wp-image-924\" src=\"https:\/\/i0.wp.com\/joaocajuda.com\/pt\/assets\/uploads\/2015\/07\/A55908.jpg?resize=850%2C478&#038;ssl=1\" alt=\"A55908\" width=\"850\" height=\"478\" srcset=\"https:\/\/i0.wp.com\/joaocajuda.com\/pt\/assets\/uploads\/2015\/07\/A55908.jpg?resize=850%2C478&amp;ssl=1 850w, https:\/\/i0.wp.com\/joaocajuda.com\/pt\/assets\/uploads\/2015\/07\/A55908.jpg?resize=1024%2C576&amp;ssl=1 1024w, https:\/\/i0.wp.com\/joaocajuda.com\/pt\/assets\/uploads\/2015\/07\/A55908.jpg?w=1280&amp;ssl=1 1280w\" sizes=\"auto, (max-width: 850px) 100vw, 850px\" \/><\/a><\/p>\n<p>A maioria dos voos internacionais desembarcam no aeroporto Leonardo Da Vinci, mais conhecido como Fiumicino, a 30 km da cidade. Os voos de companhias low-cost como a EasyJet e a Ryanair aterram num aeroporto secund\u00e1rio, bastante pequeno, o Ciampino, que fica a 15Km da cidade.<\/p>\n<h3>ROMA FIUMICINO<\/h3>\n<p><strong>T\u00e1xi<\/strong><\/p>\n<p>Os pontos oficiais de t\u00e1xi est\u00e3o nos terminais 1, 2, 3 e 5 do aeroporto. As viagens s\u00e3o por tax\u00edmetro e at\u00e9 ao centro da cidade, em m\u00e9dia paga-se 45\u20ac. Link para os pre\u00e7os atualizados <span style=\"color: #800000;\"><a style=\"color: #800000;\" href=\"http:\/\/www.adr.it\/web\/aeroporti-di-roma-en-\/pax-fco-taxi\">aqui<\/a>.<\/span><\/p>\n<p><strong>Comboio<\/strong><\/p>\n<p>A linha Leonardo da Vinci Express liga o aeroporto Fiumicino \u00e0 esta\u00e7\u00e3o de comboios Termini sem paragens. H\u00e1 comboios de 30 em 30 minutos desde as 06:30H at\u00e9 \u00e0s 23:30H. As sa\u00eddas acontecem a cada meia hora. Os trens circulam entre 6h38 e 23h38. A viagem custa 14\u20ac.<\/p>\n<p><strong>Autocarro<\/strong><\/p>\n<p>Algumas linhas de autocarro ligam\u00a0 o Fiumicino ao centro de Roma de forma mais econ\u00f4mica, mas tamb\u00e9m mais lenta, talvez 1 H a viagem. O pre\u00e7o do bilhete \u00e9 de 6\u20ac, consulte os hor\u00e1rios no <span style=\"color: #800000;\"><a style=\"color: #800000;\" href=\"http:\/\/www.terravision.eu\/\">site oficial<\/a><\/span>.<\/p>\n<h3><\/h3>\n<h3>ROMA CIAMPINO<\/h3>\n<p><strong>t\u00e1xi<\/strong><\/p>\n<p>Os t\u00e1xis encontra-se na sa\u00edda do aeroporto.<\/p>\n<p>As corridas de e para Ciampino s\u00e3o por tax\u00edmetro embora tentem pedir valores diferentes. A bagagem n\u00e3o \u00e9 cobrada.<\/p>\n<p>Para o centro de Roma o pre\u00e7o \u00e9 30 euros. N\u00e3o pague mais que isso, mesmo que seja de madrugada. Link para tarifas atualizadas <span style=\"color: #800000;\"><a style=\"color: #800000;\" href=\"https:\/\/www.adr.it\/web\/aeroporti-di-roma-en-\/pax-cia-taxi\">aqui<\/a><\/span>.<\/p>\n<p><b>Autocarro<\/b><\/p>\n<p>Algumas linhas de autocarro fazem o trajeto Ciampino-Termini. Os pontos ficam pr\u00f3ximos ao setor de embarque internacional, e a viagem demora aproximadamente de 40 minutos.<\/p>\n<p>A viagem custa 6 euros. Consulte os hor\u00e1rios no <span style=\"color: #800000;\"><a style=\"color: #800000;\" href=\"http:\/\/www.terravision.eu\/\">site oficial<\/a>.<\/span><\/p>\n<p>&nbsp;<\/p>\n<p><a href=\"https:\/\/joaocajuda.com\/pt\/bella-italia\/\">PARA LERES O GUIA DE IT\u00c1LIA CARREGA AQUI &gt;&gt;<\/a><\/p>\n","protected":false},"excerpt":{"rendered":"<p>A maioria dos voos internacionais desembarcam no aeroporto Leonardo Da Vinci, mais conhecido como Fiumicino, a 30 km da cidade. Os voos de companhias low-cost como a EasyJet e a Ryanair aterram num aeroporto secund\u00e1rio, bastante pequeno, o Ciampino, que fica a 15Km da cidade. ROMA FIUMICINO T\u00e1xi Os pontos oficiais de t\u00e1xi est\u00e3o nos [&hellip;]<\/p>\n","protected":false},"author":3,"featured_media":924,"parent":0,"menu_order":0,"comment_status":"open","ping_status":"open","template":"","meta":{"footnotes":""},"class_list":["post-929","page","type-page","status-publish","has-post-thumbnail","hentry"],"yoast_head":"<!-- This site is optimized with the Yoast SEO plugin v27.3 - https:\/\/yoast.com\/product\/yoast-seo-wordpress\/ -->\n<title>ROMA AEROPORTOS - FIUMICINO \/ CIAMPINO - JOAOCAJUDA.COM<\/title>\n<meta name=\"robots\" content=\"index, follow, max-snippet:-1, max-image-preview:large, max-video-preview:-1\" \/>\n<link rel=\"canonical\" href=\"https:\/\/joaocajuda.com\/pt\/roma-aeroporto-fiumicino-ciampino\/\" \/>\n<meta property=\"og:locale\" content=\"pt_PT\" \/>\n<meta property=\"og:type\" content=\"article\" \/>\n<meta property=\"og:title\" content=\"ROMA AEROPORTOS - FIUMICINO \/ CIAMPINO - JOAOCAJUDA.COM\" \/>\n<meta property=\"og:description\" content=\"A maioria dos voos internacionais desembarcam no aeroporto Leonardo Da Vinci, mais conhecido como Fiumicino, a 30 km da cidade. Os voos de companhias low-cost como a EasyJet e a Ryanair aterram num aeroporto secund\u00e1rio, bastante pequeno, o Ciampino, que fica a 15Km da cidade. ROMA FIUMICINO T\u00e1xi Os pontos oficiais de t\u00e1xi est\u00e3o nos [&hellip;]\" \/>\n<meta property=\"og:url\" content=\"https:\/\/joaocajuda.com\/pt\/roma-aeroporto-fiumicino-ciampino\/\" \/>\n<meta property=\"og:site_name\" content=\"JOAOCAJUDA.COM\" \/>\n<meta property=\"article:publisher\" content=\"http:\/\/www.facebook.com\/cajuda.pt\" \/>\n<meta property=\"article:modified_time\" content=\"2015-07-30T15:03:37+00:00\" \/>\n<meta property=\"og:image\" content=\"https:\/\/i0.wp.com\/joaocajuda.com\/pt\/assets\/uploads\/2015\/07\/A55908.jpg?fit=1280%2C720&ssl=1\" \/>\n\t<meta property=\"og:image:width\" content=\"1280\" \/>\n\t<meta property=\"og:image:height\" content=\"720\" \/>\n\t<meta property=\"og:image:type\" content=\"image\/jpeg\" \/>\n<meta name=\"twitter:card\" content=\"summary_large_image\" \/>\n<meta name=\"twitter:site\" content=\"@joaocajuda\" \/>\n<meta name=\"twitter:label1\" content=\"Tempo estimado de leitura\" \/>\n\t<meta name=\"twitter:data1\" content=\"1 minuto\" \/>\n<script type=\"application\/ld+json\" class=\"yoast-schema-graph\">{\"@context\":\"https:\\\/\\\/schema.org\",\"@graph\":[{\"@type\":\"WebPage\",\"@id\":\"https:\\\/\\\/joaocajuda.com\\\/pt\\\/roma-aeroporto-fiumicino-ciampino\\\/\",\"url\":\"https:\\\/\\\/joaocajuda.com\\\/pt\\\/roma-aeroporto-fiumicino-ciampino\\\/\",\"name\":\"ROMA AEROPORTOS - FIUMICINO \\\/ CIAMPINO - JOAOCAJUDA.COM\",\"isPartOf\":{\"@id\":\"https:\\\/\\\/joaocajuda.com\\\/pt\\\/#website\"},\"primaryImageOfPage\":{\"@id\":\"https:\\\/\\\/joaocajuda.com\\\/pt\\\/roma-aeroporto-fiumicino-ciampino\\\/#primaryimage\"},\"image\":{\"@id\":\"https:\\\/\\\/joaocajuda.com\\\/pt\\\/roma-aeroporto-fiumicino-ciampino\\\/#primaryimage\"},\"thumbnailUrl\":\"https:\\\/\\\/i0.wp.com\\\/joaocajuda.com\\\/pt\\\/assets\\\/uploads\\\/2015\\\/07\\\/A55908.jpg?fit=1280%2C720&ssl=1\",\"datePublished\":\"2015-07-30T15:03:02+00:00\",\"dateModified\":\"2015-07-30T15:03:37+00:00\",\"breadcrumb\":{\"@id\":\"https:\\\/\\\/joaocajuda.com\\\/pt\\\/roma-aeroporto-fiumicino-ciampino\\\/#breadcrumb\"},\"inLanguage\":\"pt-PT\",\"potentialAction\":[{\"@type\":\"ReadAction\",\"target\":[\"https:\\\/\\\/joaocajuda.com\\\/pt\\\/roma-aeroporto-fiumicino-ciampino\\\/\"]}]},{\"@type\":\"ImageObject\",\"inLanguage\":\"pt-PT\",\"@id\":\"https:\\\/\\\/joaocajuda.com\\\/pt\\\/roma-aeroporto-fiumicino-ciampino\\\/#primaryimage\",\"url\":\"https:\\\/\\\/i0.wp.com\\\/joaocajuda.com\\\/pt\\\/assets\\\/uploads\\\/2015\\\/07\\\/A55908.jpg?fit=1280%2C720&ssl=1\",\"contentUrl\":\"https:\\\/\\\/i0.wp.com\\\/joaocajuda.com\\\/pt\\\/assets\\\/uploads\\\/2015\\\/07\\\/A55908.jpg?fit=1280%2C720&ssl=1\",\"width\":1280,\"height\":720},{\"@type\":\"BreadcrumbList\",\"@id\":\"https:\\\/\\\/joaocajuda.com\\\/pt\\\/roma-aeroporto-fiumicino-ciampino\\\/#breadcrumb\",\"itemListElement\":[{\"@type\":\"ListItem\",\"position\":1,\"name\":\"In\u00edcio\",\"item\":\"https:\\\/\\\/joaocajuda.com\\\/pt\\\/\"},{\"@type\":\"ListItem\",\"position\":2,\"name\":\"ROMA AEROPORTOS &#8211; FIUMICINO \\\/ CIAMPINO\"}]},{\"@type\":\"WebSite\",\"@id\":\"https:\\\/\\\/joaocajuda.com\\\/pt\\\/#website\",\"url\":\"https:\\\/\\\/joaocajuda.com\\\/pt\\\/\",\"name\":\"JOAOCAJUDA.COM\",\"description\":\"\",\"potentialAction\":[{\"@type\":\"SearchAction\",\"target\":{\"@type\":\"EntryPoint\",\"urlTemplate\":\"https:\\\/\\\/joaocajuda.com\\\/pt\\\/?s={search_term_string}\"},\"query-input\":{\"@type\":\"PropertyValueSpecification\",\"valueRequired\":true,\"valueName\":\"search_term_string\"}}],\"inLanguage\":\"pt-PT\"}]}<\/script>\n<!-- \/ Yoast SEO plugin. -->","yoast_head_json":{"title":"ROMA AEROPORTOS - FIUMICINO \/ CIAMPINO - JOAOCAJUDA.COM","robots":{"index":"index","follow":"follow","max-snippet":"max-snippet:-1","max-image-preview":"max-image-preview:large","max-video-preview":"max-video-preview:-1"},"canonical":"https:\/\/joaocajuda.com\/pt\/roma-aeroporto-fiumicino-ciampino\/","og_locale":"pt_PT","og_type":"article","og_title":"ROMA AEROPORTOS - FIUMICINO \/ CIAMPINO - JOAOCAJUDA.COM","og_description":"A maioria dos voos internacionais desembarcam no aeroporto Leonardo Da Vinci, mais conhecido como Fiumicino, a 30 km da cidade. Os voos de companhias low-cost como a EasyJet e a Ryanair aterram num aeroporto secund\u00e1rio, bastante pequeno, o Ciampino, que fica a 15Km da cidade. ROMA FIUMICINO T\u00e1xi Os pontos oficiais de t\u00e1xi est\u00e3o nos [&hellip;]","og_url":"https:\/\/joaocajuda.com\/pt\/roma-aeroporto-fiumicino-ciampino\/","og_site_name":"JOAOCAJUDA.COM","article_publisher":"http:\/\/www.facebook.com\/cajuda.pt","article_modified_time":"2015-07-30T15:03:37+00:00","og_image":[{"width":1280,"height":720,"url":"https:\/\/i0.wp.com\/joaocajuda.com\/pt\/assets\/uploads\/2015\/07\/A55908.jpg?fit=1280%2C720&ssl=1","type":"image\/jpeg"}],"twitter_card":"summary_large_image","twitter_site":"@joaocajuda","twitter_misc":{"Tempo estimado de leitura":"1 minuto"},"schema":{"@context":"https:\/\/schema.org","@graph":[{"@type":"WebPage","@id":"https:\/\/joaocajuda.com\/pt\/roma-aeroporto-fiumicino-ciampino\/","url":"https:\/\/joaocajuda.com\/pt\/roma-aeroporto-fiumicino-ciampino\/","name":"ROMA AEROPORTOS - FIUMICINO \/ CIAMPINO - JOAOCAJUDA.COM","isPartOf":{"@id":"https:\/\/joaocajuda.com\/pt\/#website"},"primaryImageOfPage":{"@id":"https:\/\/joaocajuda.com\/pt\/roma-aeroporto-fiumicino-ciampino\/#primaryimage"},"image":{"@id":"https:\/\/joaocajuda.com\/pt\/roma-aeroporto-fiumicino-ciampino\/#primaryimage"},"thumbnailUrl":"https:\/\/i0.wp.com\/joaocajuda.com\/pt\/assets\/uploads\/2015\/07\/A55908.jpg?fit=1280%2C720&ssl=1","datePublished":"2015-07-30T15:03:02+00:00","dateModified":"2015-07-30T15:03:37+00:00","breadcrumb":{"@id":"https:\/\/joaocajuda.com\/pt\/roma-aeroporto-fiumicino-ciampino\/#breadcrumb"},"inLanguage":"pt-PT","potentialAction":[{"@type":"ReadAction","target":["https:\/\/joaocajuda.com\/pt\/roma-aeroporto-fiumicino-ciampino\/"]}]},{"@type":"ImageObject","inLanguage":"pt-PT","@id":"https:\/\/joaocajuda.com\/pt\/roma-aeroporto-fiumicino-ciampino\/#primaryimage","url":"https:\/\/i0.wp.com\/joaocajuda.com\/pt\/assets\/uploads\/2015\/07\/A55908.jpg?fit=1280%2C720&ssl=1","contentUrl":"https:\/\/i0.wp.com\/joaocajuda.com\/pt\/assets\/uploads\/2015\/07\/A55908.jpg?fit=1280%2C720&ssl=1","width":1280,"height":720},{"@type":"BreadcrumbList","@id":"https:\/\/joaocajuda.com\/pt\/roma-aeroporto-fiumicino-ciampino\/#breadcrumb","itemListElement":[{"@type":"ListItem","position":1,"name":"In\u00edcio","item":"https:\/\/joaocajuda.com\/pt\/"},{"@type":"ListItem","position":2,"name":"ROMA AEROPORTOS &#8211; FIUMICINO \/ CIAMPINO"}]},{"@type":"WebSite","@id":"https:\/\/joaocajuda.com\/pt\/#website","url":"https:\/\/joaocajuda.com\/pt\/","name":"JOAOCAJUDA.COM","description":"","potentialAction":[{"@type":"SearchAction","target":{"@type":"EntryPoint","urlTemplate":"https:\/\/joaocajuda.com\/pt\/?s={search_term_string}"},"query-input":{"@type":"PropertyValueSpecification","valueRequired":true,"valueName":"search_term_string"}}],"inLanguage":"pt-PT"}]}},"jetpack_sharing_enabled":true,"_links":{"self":[{"href":"https:\/\/joaocajuda.com\/pt\/wp-json\/wp\/v2\/pages\/929","targetHints":{"allow":["GET"]}}],"collection":[{"href":"https:\/\/joaocajuda.com\/pt\/wp-json\/wp\/v2\/pages"}],"about":[{"href":"https:\/\/joaocajuda.com\/pt\/wp-json\/wp\/v2\/types\/page"}],"author":[{"embeddable":true,"href":"https:\/\/joaocajuda.com\/pt\/wp-json\/wp\/v2\/users\/3"}],"replies":[{"embeddable":true,"href":"https:\/\/joaocajuda.com\/pt\/wp-json\/wp\/v2\/comments?post=929"}],"version-history":[{"count":3,"href":"https:\/\/joaocajuda.com\/pt\/wp-json\/wp\/v2\/pages\/929\/revisions"}],"predecessor-version":[{"id":932,"href":"https:\/\/joaocajuda.com\/pt\/wp-json\/wp\/v2\/pages\/929\/revisions\/932"}],"wp:featuredmedia":[{"embeddable":true,"href":"https:\/\/joaocajuda.com\/pt\/wp-json\/wp\/v2\/media\/924"}],"wp:attachment":[{"href":"https:\/\/joaocajuda.com\/pt\/wp-json\/wp\/v2\/media?parent=929"}],"curies":[{"name":"wp","href":"https:\/\/api.w.org\/{rel}","templated":true}]}}